

{"id":9970,"date":"2025-04-01T16:43:55","date_gmt":"2025-04-01T15:43:55","guid":{"rendered":"https:\/\/montael.com\/new_site\/?post_type=product&#038;p=9970"},"modified":"2025-06-06T16:57:28","modified_gmt":"2025-06-06T15:57:28","slug":"casquilho-duplo-reducao-latao-m-m-1-x-3-4","status":"publish","type":"product","link":"https:\/\/montael.com\/?product=casquilho-duplo-reducao-latao-m-m-1-x-3-4","title":{"rendered":"Casquilho Duplo Redu\u00e7\u00e3o Lat\u00e3o M\/M 1 x 3\/4&#8243;"},"content":{"rendered":"","protected":false},"excerpt":{"rendered":"<p>Marca: Mebra<\/p>\n","protected":false},"featured_media":9967,"template":"","meta":[],"product_cat":[362,320,358],"product_tag":[],"class_list":{"0":"post-9970","1":"product","2":"type-product","3":"status-publish","4":"has-post-thumbnail","6":"product_cat-acessorios-de-latao","7":"product_cat-canalizacao","8":"product_cat-sistemas-de-canalizacao","9":"ts_product_brand-mebra","11":"first","12":"instock","13":"taxable","14":"shipping-taxable","15":"product-type-simple"},"_links":{"self":[{"href":"https:\/\/montael.com\/index.php?rest_route=\/wp\/v2\/product\/9970","targetHints":{"allow":["GET"]}}],"collection":[{"href":"https:\/\/montael.com\/index.php?rest_route=\/wp\/v2\/product"}],"about":[{"href":"https:\/\/montael.com\/index.php?rest_route=\/wp\/v2\/types\/product"}],"wp:featuredmedia":[{"embeddable":true,"href":"https:\/\/montael.com\/index.php?rest_route=\/wp\/v2\/media\/9967"}],"wp:attachment":[{"href":"https:\/\/montael.com\/index.php?rest_route=%2Fwp%2Fv2%2Fmedia&parent=9970"}],"wp:term":[{"taxonomy":"product_cat","embeddable":true,"href":"https:\/\/montael.com\/index.php?rest_route=%2Fwp%2Fv2%2Fproduct_cat&post=9970"},{"taxonomy":"product_tag","embeddable":true,"href":"https:\/\/montael.com\/index.php?rest_route=%2Fwp%2Fv2%2Fproduct_tag&post=9970"}],"curies":[{"name":"wp","href":"https:\/\/api.w.org\/{rel}","templated":true}]}}