

{"id":9960,"date":"2025-04-01T16:36:14","date_gmt":"2025-04-01T15:36:14","guid":{"rendered":"https:\/\/montael.com\/new_site\/?post_type=product&#038;p=9960"},"modified":"2025-06-06T17:00:44","modified_gmt":"2025-06-06T16:00:44","slug":"te-simples-latao-femea-1-2","status":"publish","type":"product","link":"https:\/\/montael.com\/?product=te-simples-latao-femea-1-2","title":{"rendered":"T\u00ea Simples Lat\u00e3o F\u00eamea 1\/2&#8243;"},"content":{"rendered":"","protected":false},"excerpt":{"rendered":"<p>Marca: Mebra<\/p>\n","protected":false},"featured_media":9961,"template":"","meta":[],"product_cat":[362,320,358],"product_tag":[],"class_list":{"0":"post-9960","1":"product","2":"type-product","3":"status-publish","4":"has-post-thumbnail","6":"product_cat-acessorios-de-latao","7":"product_cat-canalizacao","8":"product_cat-sistemas-de-canalizacao","9":"ts_product_brand-mebra","11":"first","12":"instock","13":"taxable","14":"shipping-taxable","15":"product-type-simple"},"_links":{"self":[{"href":"https:\/\/montael.com\/index.php?rest_route=\/wp\/v2\/product\/9960","targetHints":{"allow":["GET"]}}],"collection":[{"href":"https:\/\/montael.com\/index.php?rest_route=\/wp\/v2\/product"}],"about":[{"href":"https:\/\/montael.com\/index.php?rest_route=\/wp\/v2\/types\/product"}],"wp:featuredmedia":[{"embeddable":true,"href":"https:\/\/montael.com\/index.php?rest_route=\/wp\/v2\/media\/9961"}],"wp:attachment":[{"href":"https:\/\/montael.com\/index.php?rest_route=%2Fwp%2Fv2%2Fmedia&parent=9960"}],"wp:term":[{"taxonomy":"product_cat","embeddable":true,"href":"https:\/\/montael.com\/index.php?rest_route=%2Fwp%2Fv2%2Fproduct_cat&post=9960"},{"taxonomy":"product_tag","embeddable":true,"href":"https:\/\/montael.com\/index.php?rest_route=%2Fwp%2Fv2%2Fproduct_tag&post=9960"}],"curies":[{"name":"wp","href":"https:\/\/api.w.org\/{rel}","templated":true}]}}