

{"id":9821,"date":"2025-03-31T17:14:23","date_gmt":"2025-03-31T16:14:23","guid":{"rendered":"https:\/\/montael.com\/new_site\/?post_type=product&#038;p=9821"},"modified":"2025-06-06T12:24:59","modified_gmt":"2025-06-06T11:24:59","slug":"tinta-plastica-de-interior-e-exterior-15l-branco","status":"publish","type":"product","link":"https:\/\/montael.com\/?product=tinta-plastica-de-interior-e-exterior-15l-branco","title":{"rendered":"Tinta Pl\u00e1stica Super de Interior e Exterior 15L Branco"},"content":{"rendered":"<p>Dyrup Super \u00e9 uma tinta pl\u00e1stica formulada com base em emuls\u00e3o de copol\u00edmeros acr\u00edlicos e pigmenta\u00e7\u00e3o selecionada.<\/p>\n<p>\u00c9 uma tinta pl\u00e1stica mate de alto rendimento e excelente poder de cobertura. \u00c9 um produto da Linha Profissional Dyrup, lav\u00e1vel, com boa reten\u00e7\u00e3o de cor e excelente brancura.<\/p>\n<p>&nbsp;<\/p>\n","protected":false},"excerpt":{"rendered":"<ul>\n<li>Cor: Branco<\/li>\n<li>Capacidade: 15L<\/li>\n<\/ul>\n<p>Marca: Dyrup<\/p>\n","protected":false},"featured_media":9822,"template":"","meta":[],"product_cat":[323,353],"product_tag":[],"class_list":{"0":"post-9821","1":"product","2":"type-product","3":"status-publish","4":"has-post-thumbnail","6":"product_cat-pintura","7":"product_cat-tintas","8":"ts_product_brand-dyrup","10":"first","11":"instock","12":"taxable","13":"shipping-taxable","14":"product-type-simple"},"_links":{"self":[{"href":"https:\/\/montael.com\/index.php?rest_route=\/wp\/v2\/product\/9821","targetHints":{"allow":["GET"]}}],"collection":[{"href":"https:\/\/montael.com\/index.php?rest_route=\/wp\/v2\/product"}],"about":[{"href":"https:\/\/montael.com\/index.php?rest_route=\/wp\/v2\/types\/product"}],"wp:featuredmedia":[{"embeddable":true,"href":"https:\/\/montael.com\/index.php?rest_route=\/wp\/v2\/media\/9822"}],"wp:attachment":[{"href":"https:\/\/montael.com\/index.php?rest_route=%2Fwp%2Fv2%2Fmedia&parent=9821"}],"wp:term":[{"taxonomy":"product_cat","embeddable":true,"href":"https:\/\/montael.com\/index.php?rest_route=%2Fwp%2Fv2%2Fproduct_cat&post=9821"},{"taxonomy":"product_tag","embeddable":true,"href":"https:\/\/montael.com\/index.php?rest_route=%2Fwp%2Fv2%2Fproduct_tag&post=9821"}],"curies":[{"name":"wp","href":"https:\/\/api.w.org\/{rel}","templated":true}]}}