

{"id":9761,"date":"2025-03-31T11:10:36","date_gmt":"2025-03-31T10:10:36","guid":{"rendered":"https:\/\/montael.com\/new_site\/?post_type=product&#038;p=9761"},"modified":"2025-03-31T11:14:09","modified_gmt":"2025-03-31T10:14:09","slug":"kin-round-toalheiro-30cm-s90204100012600-cromado","status":"publish","type":"product","link":"https:\/\/montael.com\/?product=kin-round-toalheiro-30cm-s90204100012600-cromado","title":{"rendered":"Kin Round toalheiro 30cm S90204100012600 Cromado"},"content":{"rendered":"<p class=\"peso_capacidade\">Peso: 1 Kg<\/p>\n<p class=\"cordescr\">Cores:<br \/>\nS90204100012600 (Cromado)<\/p>\n<h2 class=\"infoutil\">\u00abInforma\u00e7\u00e3o:<\/h2>\n<p class=\"infoutil\">&gt; aplica\u00e7\u00e3o mural<br \/>\n&gt; a\u00e7o inoxid\u00e1vel, lat\u00e3o (ou ligas similares) e zamak<br \/>\n&gt; acabamento cromado<br \/>\n&gt; na embalagem: toalheiro e kit de fixa\u00e7\u00e3o<\/p>\n","protected":false},"excerpt":{"rendered":"<p>Peso: 1 Kg Cores: S90204100012600 (Cromado) \u00abInforma\u00e7\u00e3o: &gt; aplica\u00e7\u00e3o mural &gt; a\u00e7o inoxid\u00e1vel, lat\u00e3o (ou ligas similares) e zamak &gt; acabamento cromado &gt; na embalagem: toalheiro e kit de fixa\u00e7\u00e3o<\/p>\n","protected":false},"featured_media":9757,"template":"","meta":[],"product_cat":[147,149,342],"product_tag":[],"class_list":{"0":"post-9761","1":"product","2":"type-product","3":"status-publish","4":"has-post-thumbnail","6":"product_cat-acessorios-wc","7":"product_cat-casa-de-banho","8":"product_cat-toalheiros","10":"first","11":"instock","12":"taxable","13":"shipping-taxable","14":"product-type-simple"},"_links":{"self":[{"href":"https:\/\/montael.com\/index.php?rest_route=\/wp\/v2\/product\/9761","targetHints":{"allow":["GET"]}}],"collection":[{"href":"https:\/\/montael.com\/index.php?rest_route=\/wp\/v2\/product"}],"about":[{"href":"https:\/\/montael.com\/index.php?rest_route=\/wp\/v2\/types\/product"}],"wp:featuredmedia":[{"embeddable":true,"href":"https:\/\/montael.com\/index.php?rest_route=\/wp\/v2\/media\/9757"}],"wp:attachment":[{"href":"https:\/\/montael.com\/index.php?rest_route=%2Fwp%2Fv2%2Fmedia&parent=9761"}],"wp:term":[{"taxonomy":"product_cat","embeddable":true,"href":"https:\/\/montael.com\/index.php?rest_route=%2Fwp%2Fv2%2Fproduct_cat&post=9761"},{"taxonomy":"product_tag","embeddable":true,"href":"https:\/\/montael.com\/index.php?rest_route=%2Fwp%2Fv2%2Fproduct_tag&post=9761"}],"curies":[{"name":"wp","href":"https:\/\/api.w.org\/{rel}","templated":true}]}}