

{"id":9759,"date":"2025-03-31T11:08:24","date_gmt":"2025-03-31T10:08:24","guid":{"rendered":"https:\/\/montael.com\/new_site\/?post_type=product&#038;p=9759"},"modified":"2025-03-31T11:09:58","modified_gmt":"2025-03-31T10:09:58","slug":"kin-round-porta-rolo-esq-s90204200012600-cromado","status":"publish","type":"product","link":"https:\/\/montael.com\/?product=kin-round-porta-rolo-esq-s90204200012600-cromado","title":{"rendered":"Kin Round Porta Rolo Esq S90204200012600 Cromado"},"content":{"rendered":"<p class=\"peso_capacidade\">Peso: 1 Kg<\/p>\n<p class=\"cordescr\">Cores:<br \/>\nS90204200012600 (Cromado)<\/p>\n<h2 class=\"infoutil\">Informa\u00e7\u00e3o:<\/h2>\n<p class=\"infoutil\">&gt; aplica\u00e7\u00e3o mural<br \/>\n&gt; a\u00e7o inoxid\u00e1vel e zamak<br \/>\n&gt; acabamento cromado<br \/>\n&gt; na embalagem: porta-rolo e kit de fixa\u00e7\u00e3o<\/p>\n","protected":false},"excerpt":{"rendered":"<p>Peso: 1 Kg Cores: S90204200012600 (Cromado) Informa\u00e7\u00e3o: &gt; aplica\u00e7\u00e3o mural &gt; a\u00e7o inoxid\u00e1vel e zamak &gt; acabamento cromado &gt; na embalagem: porta-rolo e kit de fixa\u00e7\u00e3o<\/p>\n","protected":false},"featured_media":9758,"template":"","meta":[],"product_cat":[147,149,343],"product_tag":[],"class_list":{"0":"post-9759","1":"product","2":"type-product","3":"status-publish","4":"has-post-thumbnail","6":"product_cat-acessorios-wc","7":"product_cat-casa-de-banho","8":"product_cat-p-rolos","10":"first","11":"instock","12":"taxable","13":"shipping-taxable","14":"product-type-simple"},"_links":{"self":[{"href":"https:\/\/montael.com\/index.php?rest_route=\/wp\/v2\/product\/9759","targetHints":{"allow":["GET"]}}],"collection":[{"href":"https:\/\/montael.com\/index.php?rest_route=\/wp\/v2\/product"}],"about":[{"href":"https:\/\/montael.com\/index.php?rest_route=\/wp\/v2\/types\/product"}],"wp:featuredmedia":[{"embeddable":true,"href":"https:\/\/montael.com\/index.php?rest_route=\/wp\/v2\/media\/9758"}],"wp:attachment":[{"href":"https:\/\/montael.com\/index.php?rest_route=%2Fwp%2Fv2%2Fmedia&parent=9759"}],"wp:term":[{"taxonomy":"product_cat","embeddable":true,"href":"https:\/\/montael.com\/index.php?rest_route=%2Fwp%2Fv2%2Fproduct_cat&post=9759"},{"taxonomy":"product_tag","embeddable":true,"href":"https:\/\/montael.com\/index.php?rest_route=%2Fwp%2Fv2%2Fproduct_tag&post=9759"}],"curies":[{"name":"wp","href":"https:\/\/api.w.org\/{rel}","templated":true}]}}