

{"id":9750,"date":"2025-03-31T10:47:37","date_gmt":"2025-03-31T09:47:37","guid":{"rendered":"https:\/\/montael.com\/new_site\/?post_type=product&#038;p=9750"},"modified":"2025-03-31T11:02:49","modified_gmt":"2025-03-31T10:02:49","slug":"tiwg-porta-rolo-lateral-s90206600012600-cromado","status":"publish","type":"product","link":"https:\/\/montael.com\/?product=tiwg-porta-rolo-lateral-s90206600012600-cromado","title":{"rendered":"Tiwg Porta Rolo Lateral S90206600012600 cromado"},"content":{"rendered":"<p class=\"peso_capacidade\">Peso: 1 Kg<\/p>\n<p class=\"cordescr\">Cores:<br \/>\nS90206600012600 (Cromado)<\/p>\n<h2 class=\"infoutil\">Informa\u00e7\u00e3o<\/h2>\n<blockquote>\n<p class=\"infoutil\">aplica\u00e7\u00e3o mural<br \/>\n&gt; lat\u00e3o (ou ligas similares)<br \/>\n&gt; acabamento cromado, dispon\u00edvel em: branco mate ou preto mate<\/p>\n<\/blockquote>\n<p class=\"infoutil\">&gt; na embalagem: porta-rolo lateral e kit de fixa\u00e7\u00e3o<\/p>\n","protected":false},"excerpt":{"rendered":"<p>Peso: 1 Kg Cores: S90206600012600 (Cromado) Informa\u00e7\u00e3o aplica\u00e7\u00e3o mural &gt; lat\u00e3o (ou ligas similares) &gt; acabamento cromado, dispon\u00edvel em: branco mate ou preto mate &gt; na embalagem: porta-rolo lateral e kit de fixa\u00e7\u00e3o<\/p>\n","protected":false},"featured_media":9751,"template":"","meta":[],"product_cat":[147,149,343],"product_tag":[],"class_list":{"0":"post-9750","1":"product","2":"type-product","3":"status-publish","4":"has-post-thumbnail","6":"product_cat-acessorios-wc","7":"product_cat-casa-de-banho","8":"product_cat-p-rolos","10":"first","11":"instock","12":"taxable","13":"shipping-taxable","14":"product-type-simple"},"_links":{"self":[{"href":"https:\/\/montael.com\/index.php?rest_route=\/wp\/v2\/product\/9750","targetHints":{"allow":["GET"]}}],"collection":[{"href":"https:\/\/montael.com\/index.php?rest_route=\/wp\/v2\/product"}],"about":[{"href":"https:\/\/montael.com\/index.php?rest_route=\/wp\/v2\/types\/product"}],"wp:featuredmedia":[{"embeddable":true,"href":"https:\/\/montael.com\/index.php?rest_route=\/wp\/v2\/media\/9751"}],"wp:attachment":[{"href":"https:\/\/montael.com\/index.php?rest_route=%2Fwp%2Fv2%2Fmedia&parent=9750"}],"wp:term":[{"taxonomy":"product_cat","embeddable":true,"href":"https:\/\/montael.com\/index.php?rest_route=%2Fwp%2Fv2%2Fproduct_cat&post=9750"},{"taxonomy":"product_tag","embeddable":true,"href":"https:\/\/montael.com\/index.php?rest_route=%2Fwp%2Fv2%2Fproduct_tag&post=9750"}],"curies":[{"name":"wp","href":"https:\/\/api.w.org\/{rel}","templated":true}]}}