

{"id":9745,"date":"2025-03-31T09:51:55","date_gmt":"2025-03-31T08:51:55","guid":{"rendered":"https:\/\/montael.com\/new_site\/?post_type=product&#038;p=9745"},"modified":"2025-03-31T09:51:55","modified_gmt":"2025-03-31T08:51:55","slug":"tiwg-toalheiro-30cm-s90203100012600-cromado","status":"publish","type":"product","link":"https:\/\/montael.com\/?product=tiwg-toalheiro-30cm-s90203100012600-cromado","title":{"rendered":"Tiwg Toalheiro 30cm S90203100012600 cromado"},"content":{"rendered":"<p class=\"peso_capacidade\">Peso: 1 Kg<\/p>\n<p class=\"cordescr\">Cores:<br \/>\nS90203100012600 (Cromado)<\/p>\n<p class=\"infoutil\">&gt; aplica\u00e7\u00e3o mural<br \/>\n&gt; lat\u00e3o (ou ligas similares)<br \/>\n&gt; acabamento cromado, branco mate ou preto mate<br \/>\n&gt; na embalagem: toalheiro 300 e kit de fixa\u00e7\u00e3o<\/p>\n","protected":false},"excerpt":{"rendered":"<p>Peso: 1 Kg Cores: S90203100012600 (Cromado) &gt; aplica\u00e7\u00e3o mural &gt; lat\u00e3o (ou ligas similares) &gt; acabamento cromado, branco mate ou preto mate &gt; na embalagem: toalheiro 300 e kit de fixa\u00e7\u00e3o<\/p>\n","protected":false},"featured_media":9746,"template":"","meta":[],"product_cat":[147,149,342],"product_tag":[],"class_list":{"0":"post-9745","1":"product","2":"type-product","3":"status-publish","4":"has-post-thumbnail","6":"product_cat-acessorios-wc","7":"product_cat-casa-de-banho","8":"product_cat-toalheiros","10":"first","11":"instock","12":"taxable","13":"shipping-taxable","14":"product-type-simple"},"_links":{"self":[{"href":"https:\/\/montael.com\/index.php?rest_route=\/wp\/v2\/product\/9745","targetHints":{"allow":["GET"]}}],"collection":[{"href":"https:\/\/montael.com\/index.php?rest_route=\/wp\/v2\/product"}],"about":[{"href":"https:\/\/montael.com\/index.php?rest_route=\/wp\/v2\/types\/product"}],"wp:featuredmedia":[{"embeddable":true,"href":"https:\/\/montael.com\/index.php?rest_route=\/wp\/v2\/media\/9746"}],"wp:attachment":[{"href":"https:\/\/montael.com\/index.php?rest_route=%2Fwp%2Fv2%2Fmedia&parent=9745"}],"wp:term":[{"taxonomy":"product_cat","embeddable":true,"href":"https:\/\/montael.com\/index.php?rest_route=%2Fwp%2Fv2%2Fproduct_cat&post=9745"},{"taxonomy":"product_tag","embeddable":true,"href":"https:\/\/montael.com\/index.php?rest_route=%2Fwp%2Fv2%2Fproduct_tag&post=9745"}],"curies":[{"name":"wp","href":"https:\/\/api.w.org\/{rel}","templated":true}]}}