

{"id":9348,"date":"2025-03-11T09:23:18","date_gmt":"2025-03-11T09:23:18","guid":{"rendered":"https:\/\/montael.com\/new_site\/?post_type=product&#038;p=9348"},"modified":"2025-06-06T15:56:39","modified_gmt":"2025-06-06T14:56:39","slug":"leci-b-s21-1200-preto-com-vidro-transparente","status":"publish","type":"product","link":"https:\/\/montael.com\/?product=leci-b-s21-1200-preto-com-vidro-transparente","title":{"rendered":"LECI B S21 1200 Preto com Vidro Transparente"},"content":{"rendered":"<ul>\n<li>Vidro temperado de 6mm<\/li>\n<li>Perfis em alum\u00ednio lacado preto<\/li>\n<li>Altura standard do vidro 2000mm<\/li>\n<li>F\u00e1cil instala\u00e7\u00e3o<\/li>\n<li>Com tratamento anticalc\u00e1rio<\/li>\n<\/ul>\n","protected":false},"excerpt":{"rendered":"<p><img decoding=\"async\" class=\"alignnone wp-image-9334\" src=\"https:\/\/montael.com\/new_site\/wp-content\/uploads\/2025\/03\/Acabamento-Preto-66797e8ce889b-300x280.webp\" alt=\"\" width=\"28\" height=\"26\" srcset=\"https:\/\/montael.com\/new_site\/wp-content\/uploads\/2025\/03\/Acabamento-Preto-66797e8ce889b-300x280.webp 300w, https:\/\/montael.com\/new_site\/wp-content\/uploads\/2025\/03\/Acabamento-Preto-66797e8ce889b.webp 475w\" sizes=\"(max-width: 28px) 100vw, 28px\" \/> Preto<\/p>\n<p>Marca: Italbox<\/p>\n","protected":false},"featured_media":9346,"template":"","meta":[],"product_cat":[149,329,325,326],"product_tag":[],"class_list":{"0":"post-9348","1":"product","2":"type-product","3":"status-publish","4":"has-post-thumbnail","6":"product_cat-casa-de-banho","7":"product_cat-frontal","8":"product_cat-resguardos","9":"product_cat-resguardos-duche","10":"ts_product_brand-italbox","12":"first","13":"instock","14":"taxable","15":"shipping-taxable","16":"product-type-simple"},"_links":{"self":[{"href":"https:\/\/montael.com\/index.php?rest_route=\/wp\/v2\/product\/9348","targetHints":{"allow":["GET"]}}],"collection":[{"href":"https:\/\/montael.com\/index.php?rest_route=\/wp\/v2\/product"}],"about":[{"href":"https:\/\/montael.com\/index.php?rest_route=\/wp\/v2\/types\/product"}],"wp:featuredmedia":[{"embeddable":true,"href":"https:\/\/montael.com\/index.php?rest_route=\/wp\/v2\/media\/9346"}],"wp:attachment":[{"href":"https:\/\/montael.com\/index.php?rest_route=%2Fwp%2Fv2%2Fmedia&parent=9348"}],"wp:term":[{"taxonomy":"product_cat","embeddable":true,"href":"https:\/\/montael.com\/index.php?rest_route=%2Fwp%2Fv2%2Fproduct_cat&post=9348"},{"taxonomy":"product_tag","embeddable":true,"href":"https:\/\/montael.com\/index.php?rest_route=%2Fwp%2Fv2%2Fproduct_tag&post=9348"}],"curies":[{"name":"wp","href":"https:\/\/api.w.org\/{rel}","templated":true}]}}