

{"id":9318,"date":"2025-03-10T15:50:50","date_gmt":"2025-03-10T15:50:50","guid":{"rendered":"https:\/\/montael.com\/new_site\/?post_type=product&#038;p=9318"},"modified":"2025-06-09T12:28:25","modified_gmt":"2025-06-09T11:28:25","slug":"strat-base-duche-1500x800-s20214800000001-branca","status":"publish","type":"product","link":"https:\/\/montael.com\/?product=strat-base-duche-1500x800-s20214800000001-branca","title":{"rendered":"Strat base duche 1500&#215;800 S20214800000001 Branca"},"content":{"rendered":"<p>As bases Strat tem \u00e2ngulos de 90\u00ba graus em todas as suas arestas, esta caracter\u00edstica impar garante ao instalador um encaixe e um alinhamento 100% perfeito com as pe\u00e7as do pavimento. S\u00e3o estes detalhes que permitem marcar a diferen\u00e7a, Com as bases Strat a integra\u00e7\u00e3o est\u00e9tica no espa\u00e7o de banho \u00e9 garantida.<\/p>\n<p>O novo acabamento texturizados proporciona uma sensa\u00e7\u00e3o muito natural e agrad\u00e1vel ao tato sem descurar a seguran\u00e7a.<\/p>\n<p>A linearidade perfeita dos cantos proporciona uma superf\u00edcie ao longo do per\u00edmetro totalmente nivelada, assegurando assim a uni\u00e3o ideal entre a base e a divis\u00f3ria, o que facilita a sua instala\u00e7\u00e3o.<\/p>\n<div class=\"w-dyn-item\" role=\"listitem\">\n<div class=\"w-layout-grid grid-properties-collumns\"><strong>\u00a0Caracter\u00edsticas:<\/strong><\/div>\n<ul>\n<li>Altura 28mm<\/li>\n<li>Material Stonex<\/li>\n<li>Antideslizante<\/li>\n<\/ul>\n<\/div>\n","protected":false},"excerpt":{"rendered":"<p><img decoding=\"async\" class=\"alignnone wp-image-7476\" src=\"https:\/\/montael.com\/new_site\/wp-content\/uploads\/2024\/05\/Stone-branco-300x207.jpg\" alt=\"\" width=\"49\" height=\"34\" srcset=\"https:\/\/montael.com\/new_site\/wp-content\/uploads\/2024\/05\/Stone-branco-300x207.jpg 300w, https:\/\/montael.com\/new_site\/wp-content\/uploads\/2024\/05\/Stone-branco-1024x708.jpg 1024w, https:\/\/montael.com\/new_site\/wp-content\/uploads\/2024\/05\/Stone-branco-768x531.jpg 768w, https:\/\/montael.com\/new_site\/wp-content\/uploads\/2024\/05\/Stone-branco-1536x1062.jpg 1536w, https:\/\/montael.com\/new_site\/wp-content\/uploads\/2024\/05\/Stone-branco-1000x691.jpg 1000w, https:\/\/montael.com\/new_site\/wp-content\/uploads\/2024\/05\/Stone-branco.jpg 1772w\" sizes=\"(max-width: 49px) 100vw, 49px\" \/><\/p>\n<ul>\n<li>Cor: Branco<\/li>\n<li>Grelha e v\u00e1lvula inclu\u00edda<\/li>\n<\/ul>\n<p>Marca: Sanitana<\/p>\n","protected":false},"featured_media":9312,"template":"","meta":[],"product_cat":[304,210,149],"product_tag":[],"class_list":{"0":"post-9318","1":"product","2":"type-product","3":"status-publish","4":"has-post-thumbnail","6":"product_cat-bases-de-chuveiro","7":"product_cat-resina","8":"product_cat-casa-de-banho","9":"ts_product_brand-sanitana","11":"first","12":"instock","13":"taxable","14":"shipping-taxable","15":"product-type-simple"},"_links":{"self":[{"href":"https:\/\/montael.com\/index.php?rest_route=\/wp\/v2\/product\/9318","targetHints":{"allow":["GET"]}}],"collection":[{"href":"https:\/\/montael.com\/index.php?rest_route=\/wp\/v2\/product"}],"about":[{"href":"https:\/\/montael.com\/index.php?rest_route=\/wp\/v2\/types\/product"}],"wp:featuredmedia":[{"embeddable":true,"href":"https:\/\/montael.com\/index.php?rest_route=\/wp\/v2\/media\/9312"}],"wp:attachment":[{"href":"https:\/\/montael.com\/index.php?rest_route=%2Fwp%2Fv2%2Fmedia&parent=9318"}],"wp:term":[{"taxonomy":"product_cat","embeddable":true,"href":"https:\/\/montael.com\/index.php?rest_route=%2Fwp%2Fv2%2Fproduct_cat&post=9318"},{"taxonomy":"product_tag","embeddable":true,"href":"https:\/\/montael.com\/index.php?rest_route=%2Fwp%2Fv2%2Fproduct_tag&post=9318"}],"curies":[{"name":"wp","href":"https:\/\/api.w.org\/{rel}","templated":true}]}}