

{"id":9306,"date":"2025-03-10T14:43:06","date_gmt":"2025-03-10T14:43:06","guid":{"rendered":"https:\/\/montael.com\/new_site\/?post_type=product&#038;p=9306"},"modified":"2025-03-10T18:55:42","modified_gmt":"2025-03-10T18:55:42","slug":"relva-artificial-verde-castanha-30mm","status":"publish","type":"product","link":"https:\/\/montael.com\/?product=relva-artificial-verde-castanha-30mm","title":{"rendered":"Relva Artificial Verde\/Castanha 30mm"},"content":{"rendered":"<p dir=\"ltr\" data-placeholder=\"Tradu\u00e7\u00e3o\" aria-label=\"Texto traduzido\" data-ved=\"2ahUKEwjh4KHixt-FAxUuBdsEHYLLA8QQ3ewLegQIExAU\">A relva artificial de 30mm \u00e9 uma relva que se destaca pela excelente rela\u00e7\u00e3o qualidade\/pre\u00e7o. Se o trabalho tiver uni\u00f5es, estas ser\u00e3o disfar\u00e7adas na perfei\u00e7\u00e3o.<\/p>\n<p dir=\"ltr\" data-placeholder=\"Tradu\u00e7\u00e3o\" aria-label=\"Texto traduzido\" data-ved=\"2ahUKEwjh4KHixt-FAxUuBdsEHYLLA8QQ3ewLegQIExAU\">A cor da relva \u00e9 apenas uma quest\u00e3o de gosto. Um toque suave e macio e uma apar\u00eancia natural equivale a um jardim excecional.<\/p>\n<section class=\"elementor-section elementor-inner-section elementor-element elementor-element-8ddd3ac jedv-enabled--yes elementor-section-boxed elementor-section-height-default elementor-section-height-default jet-parallax-section\" data-id=\"8ddd3ac\" data-element_type=\"section\" data-settings=\"{&quot;jet_parallax_layout_list&quot;:[{&quot;jet_parallax_layout_image&quot;:{&quot;url&quot;:&quot;&quot;,&quot;id&quot;:&quot;&quot;,&quot;size&quot;:&quot;&quot;},&quot;_id&quot;:&quot;361073a&quot;,&quot;jet_parallax_layout_image_tablet&quot;:{&quot;url&quot;:&quot;&quot;,&quot;id&quot;:&quot;&quot;,&quot;size&quot;:&quot;&quot;},&quot;jet_parallax_layout_image_mobile&quot;:{&quot;url&quot;:&quot;&quot;,&quot;id&quot;:&quot;&quot;,&quot;size&quot;:&quot;&quot;},&quot;jet_parallax_layout_speed&quot;:{&quot;unit&quot;:&quot;%&quot;,&quot;size&quot;:50,&quot;sizes&quot;:[]},&quot;jet_parallax_layout_type&quot;:&quot;scroll&quot;,&quot;jet_parallax_layout_direction&quot;:null,&quot;jet_parallax_layout_fx_direction&quot;:null,&quot;jet_parallax_layout_z_index&quot;:&quot;&quot;,&quot;jet_parallax_layout_bg_x&quot;:50,&quot;jet_parallax_layout_bg_x_tablet&quot;:&quot;&quot;,&quot;jet_parallax_layout_bg_x_mobile&quot;:&quot;&quot;,&quot;jet_parallax_layout_bg_y&quot;:50,&quot;jet_parallax_layout_bg_y_tablet&quot;:&quot;&quot;,&quot;jet_parallax_layout_bg_y_mobile&quot;:&quot;&quot;,&quot;jet_parallax_layout_bg_size&quot;:&quot;auto&quot;,&quot;jet_parallax_layout_bg_size_tablet&quot;:&quot;&quot;,&quot;jet_parallax_layout_bg_size_mobile&quot;:&quot;&quot;,&quot;jet_parallax_layout_animation_prop&quot;:&quot;transform&quot;,&quot;jet_parallax_layout_on&quot;:[&quot;desktop&quot;,&quot;tablet&quot;]}]}\">\n<div class=\"elementor-container elementor-column-gap-default\">\n<div class=\"elementor-column elementor-col-100 elementor-inner-column elementor-element elementor-element-bbad3a9\" data-id=\"bbad3a9\" data-element_type=\"column\">\n<div class=\"elementor-widget-wrap elementor-element-populated\">\n<div class=\"elementor-element elementor-element-67accab elementor-widget elementor-widget-heading\" data-id=\"67accab\" data-element_type=\"widget\" data-widget_type=\"heading.default\">\n<div class=\"elementor-widget-container\">\n<h4 class=\"elementor-heading-title elementor-size-default\">Vantagens e benef\u00edcios<\/h4>\n<\/div>\n<\/div>\n<div class=\"elementor-element elementor-element-b13c524 elementor-widget elementor-widget-jet-listing-dynamic-field\" data-id=\"b13c524\" data-element_type=\"widget\" data-widget_type=\"jet-listing-dynamic-field.default\">\n<div class=\"elementor-widget-container\">\n<div class=\"jet-listing jet-listing-dynamic-field display-inline\">\n<div class=\"jet-listing-dynamic-field__inline-wrap\">\n<div class=\"jet-listing-dynamic-field__content\">\n<ul>\n<li>Baixo n\u00edvel de manuten\u00e7\u00e3o e f\u00e1cil limpeza<\/li>\n<li>Aspeto natural<\/li>\n<li>Grandes poupan\u00e7as ao n\u00edvel do tempo de trabalho, de consumo de \u00e1gua, fertilizantes, pesticidas e manuten\u00e7\u00e3o de sistemas de rega<\/li>\n<li>Pode ser usada nos mais variados espa\u00e7os exteriores, jardins, taludes ou terra\u00e7os<\/li>\n<li>Resist\u00eancia aos raios U.V.<\/li>\n<li>Elevada resist\u00eancia e durabilidade<\/li>\n<\/ul>\n<\/div>\n<\/div>\n<\/div>\n<\/div>\n<\/div>\n<\/div>\n<\/div>\n<\/div>\n<\/section>\n","protected":false},"excerpt":{"rendered":"<div class=\"elementor-element elementor-element-8b03924 elementor-widget elementor-widget-heading\" data-id=\"8b03924\" data-element_type=\"widget\" data-widget_type=\"heading.default\">\n<div class=\"elementor-widget-container\">\n<ul>\n<li class=\"elementor-heading-title elementor-size-default\">30mm<\/li>\n<li class=\"elementor-heading-title elementor-size-default\">verde\/castanho<\/li>\n<li class=\"elementor-heading-title elementor-size-default\">Rolos de 2mx25m<\/li>\n<\/ul>\n<\/div>\n<\/div>\n<div class=\"elementor-element elementor-element-2b9791b elementor-widget elementor-widget-spacer\" data-id=\"2b9791b\" data-element_type=\"widget\" data-widget_type=\"spacer.default\">\n<div class=\"elementor-widget-container\"><\/div>\n<\/div>\n<div class=\"elementor-element elementor-element-b7c1589 elementor-widget elementor-widget-spacer\" data-id=\"b7c1589\" data-element_type=\"widget\" data-widget_type=\"spacer.default\">\n<div class=\"elementor-widget-container\">\n<div class=\"elementor-spacer\"><\/div>\n<\/div>\n<\/div>\n","protected":false},"featured_media":9310,"template":"","meta":[],"product_cat":[322,331],"product_tag":[],"class_list":{"0":"post-9306","1":"product","2":"type-product","3":"status-publish","4":"has-post-thumbnail","6":"product_cat-jardim","7":"product_cat-relva-altificial","9":"first","10":"instock","11":"taxable","12":"shipping-taxable","13":"product-type-simple"},"_links":{"self":[{"href":"https:\/\/montael.com\/index.php?rest_route=\/wp\/v2\/product\/9306","targetHints":{"allow":["GET"]}}],"collection":[{"href":"https:\/\/montael.com\/index.php?rest_route=\/wp\/v2\/product"}],"about":[{"href":"https:\/\/montael.com\/index.php?rest_route=\/wp\/v2\/types\/product"}],"wp:featuredmedia":[{"embeddable":true,"href":"https:\/\/montael.com\/index.php?rest_route=\/wp\/v2\/media\/9310"}],"wp:attachment":[{"href":"https:\/\/montael.com\/index.php?rest_route=%2Fwp%2Fv2%2Fmedia&parent=9306"}],"wp:term":[{"taxonomy":"product_cat","embeddable":true,"href":"https:\/\/montael.com\/index.php?rest_route=%2Fwp%2Fv2%2Fproduct_cat&post=9306"},{"taxonomy":"product_tag","embeddable":true,"href":"https:\/\/montael.com\/index.php?rest_route=%2Fwp%2Fv2%2Fproduct_tag&post=9306"}],"curies":[{"name":"wp","href":"https:\/\/api.w.org\/{rel}","templated":true}]}}