

{"id":9290,"date":"2025-03-10T12:24:43","date_gmt":"2025-03-10T12:24:43","guid":{"rendered":"https:\/\/montael.com\/new_site\/?post_type=product&#038;p=9290"},"modified":"2025-06-05T17:22:03","modified_gmt":"2025-06-05T16:22:03","slug":"flow-cement-ash-60x60","status":"publish","type":"product","link":"https:\/\/montael.com\/?product=flow-cement-ash-60x60","title":{"rendered":"Flow Cement Ash 60&#215;60"},"content":{"rendered":"<p>Flow apresenta-se como uma solu\u00e7\u00e3o ideal para a unir diferentes espa\u00e7os sem retirar a sua individualidade, criando combina\u00e7\u00f5es fluidas e harmoniosas cheias de modernidade.<\/p>\n<p dir=\"ltr\" data-placeholder=\"Tradu\u00e7\u00e3o\" aria-label=\"Texto traduzido\" data-ved=\"2ahUKEwjh4KHixt-FAxUuBdsEHYLLA8QQ3ewLegQIExAU\"><strong>Caracter\u00edsticas:<\/strong><\/p>\n<ul>\n<li>60&#215;60<\/li>\n<li>Natural<\/li>\n<li>Mate<\/li>\n<li>Espessura: 10 mm<\/li>\n<li>Efeito: Cimento<\/li>\n<li>Porcelanato<\/li>\n<li>Varia\u00e7\u00e3o: V2 &#8211; Ligeira<\/li>\n<li>R10<\/li>\n<li>Recomendado para pavimento e revestimento interior<\/li>\n<\/ul>\n<p>&nbsp;<\/p>\n","protected":false},"excerpt":{"rendered":"<ul>\n<li>Unidade Venda: M2<\/li>\n<li>Pre\u00e7o Caixa: 16,64\u20ac\/Caixa (1.08m2)<\/li>\n<\/ul>\n<p><strong>Packing:<\/strong><\/p>\n<ul>\n<li>Caixa: 3 pe\u00e7as; 1.08m2; 23.78Kg<\/li>\n<li>Palete: 36 Caixas; 38.88m2; 876Kg<\/li>\n<\/ul>\n<p>Marca: Aleluia<\/p>\n","protected":false},"featured_media":9294,"template":"","meta":[],"product_cat":[285,302,152,145,163],"product_tag":[],"class_list":{"0":"post-9290","1":"product","2":"type-product","3":"status-publish","4":"has-post-thumbnail","6":"product_cat-cimento","7":"product_cat-cimentos","8":"product_cat-pavimentos","9":"product_cat-ceramica","10":"product_cat-revestimentos","11":"ts_product_brand-aleluia","13":"first","14":"instock","15":"taxable","16":"shipping-taxable","17":"product-type-simple"},"_links":{"self":[{"href":"https:\/\/montael.com\/index.php?rest_route=\/wp\/v2\/product\/9290","targetHints":{"allow":["GET"]}}],"collection":[{"href":"https:\/\/montael.com\/index.php?rest_route=\/wp\/v2\/product"}],"about":[{"href":"https:\/\/montael.com\/index.php?rest_route=\/wp\/v2\/types\/product"}],"wp:featuredmedia":[{"embeddable":true,"href":"https:\/\/montael.com\/index.php?rest_route=\/wp\/v2\/media\/9294"}],"wp:attachment":[{"href":"https:\/\/montael.com\/index.php?rest_route=%2Fwp%2Fv2%2Fmedia&parent=9290"}],"wp:term":[{"taxonomy":"product_cat","embeddable":true,"href":"https:\/\/montael.com\/index.php?rest_route=%2Fwp%2Fv2%2Fproduct_cat&post=9290"},{"taxonomy":"product_tag","embeddable":true,"href":"https:\/\/montael.com\/index.php?rest_route=%2Fwp%2Fv2%2Fproduct_tag&post=9290"}],"curies":[{"name":"wp","href":"https:\/\/api.w.org\/{rel}","templated":true}]}}