

{"id":9207,"date":"2025-02-21T16:55:52","date_gmt":"2025-02-21T16:55:52","guid":{"rendered":"https:\/\/montael.com\/new_site\/?post_type=product&#038;p=9207"},"modified":"2025-06-06T12:03:26","modified_gmt":"2025-06-06T11:03:26","slug":"garland-grey-45x45","status":"publish","type":"product","link":"https:\/\/montael.com\/?product=garland-grey-45x45","title":{"rendered":"Garland Grey 45&#215;45"},"content":{"rendered":"<p dir=\"ltr\" data-placeholder=\"Tradu\u00e7\u00e3o\" aria-label=\"Texto traduzido\" data-ved=\"2ahUKEwjh4KHixt-FAxUuBdsEHYLLA8QQ3ewLegQIExAU\">&#8220;Representa\u00e7\u00e3o fiel da pedra natural quartzite, visualmente apelativa, para espa\u00e7os interiores e exteriores&#8221;<\/p>\n<p dir=\"ltr\" data-placeholder=\"Tradu\u00e7\u00e3o\" aria-label=\"Texto traduzido\" data-ved=\"2ahUKEwjh4KHixt-FAxUuBdsEHYLLA8QQ3ewLegQIExAU\"><strong>Caracter\u00edsticas:<\/strong><\/p>\n<ul>\n<li>45&#215;45<\/li>\n<li>Espessura: 8 mm<\/li>\n<li>Efeito: Pedra<\/li>\n<li>Gr\u00e9s Porcelanato Vidrado<\/li>\n<li>Varia\u00e7\u00e3o: V4 &#8211; Aleat\u00f3ria<\/li>\n<li>Resist\u00eancia ao escorregamento: R11 &#8211; Antiderrapante<\/li>\n<li>Recomendado para pavimento interior e exterior<\/li>\n<\/ul>\n<p>&nbsp;<\/p>\n","protected":false},"excerpt":{"rendered":"<ul>\n<li>Unidade Venda: M2<\/li>\n<li>Pre\u00e7o Caixa: 25,53\u20ac\/Caixa (1.62m2)<\/li>\n<\/ul>\n<p><strong>Packing:<\/strong><\/p>\n<ul>\n<li>Caixa: 5 pe\u00e7as; 1.62m2; 27.20Kg<\/li>\n<li>Palete: 44 Caixas; 71.28m2; 1222Kg<\/li>\n<\/ul>\n<p>Marca: Domin\u00f3<\/p>\n","protected":false},"featured_media":9211,"template":"","meta":[],"product_cat":[152,145,166],"product_tag":[],"class_list":{"0":"post-9207","1":"product","2":"type-product","3":"status-publish","4":"has-post-thumbnail","6":"product_cat-pavimentos","7":"product_cat-ceramica","8":"product_cat-pedras","9":"ts_product_brand-domino","11":"first","12":"instock","13":"taxable","14":"shipping-taxable","15":"product-type-simple"},"_links":{"self":[{"href":"https:\/\/montael.com\/index.php?rest_route=\/wp\/v2\/product\/9207","targetHints":{"allow":["GET"]}}],"collection":[{"href":"https:\/\/montael.com\/index.php?rest_route=\/wp\/v2\/product"}],"about":[{"href":"https:\/\/montael.com\/index.php?rest_route=\/wp\/v2\/types\/product"}],"wp:featuredmedia":[{"embeddable":true,"href":"https:\/\/montael.com\/index.php?rest_route=\/wp\/v2\/media\/9211"}],"wp:attachment":[{"href":"https:\/\/montael.com\/index.php?rest_route=%2Fwp%2Fv2%2Fmedia&parent=9207"}],"wp:term":[{"taxonomy":"product_cat","embeddable":true,"href":"https:\/\/montael.com\/index.php?rest_route=%2Fwp%2Fv2%2Fproduct_cat&post=9207"},{"taxonomy":"product_tag","embeddable":true,"href":"https:\/\/montael.com\/index.php?rest_route=%2Fwp%2Fv2%2Fproduct_tag&post=9207"}],"curies":[{"name":"wp","href":"https:\/\/api.w.org\/{rel}","templated":true}]}}