

{"id":9145,"date":"2025-02-19T12:43:10","date_gmt":"2025-02-19T12:43:10","guid":{"rendered":"https:\/\/montael.com\/new_site\/?post_type=product&#038;p=9145"},"modified":"2025-06-09T12:42:01","modified_gmt":"2025-06-09T11:42:01","slug":"glam-sanita-suspensa-rimless-s10200882100000","status":"publish","type":"product","link":"https:\/\/montael.com\/?product=glam-sanita-suspensa-rimless-s10200882100000","title":{"rendered":"Glam Sanita Suspensa Rimless S10200882100000"},"content":{"rendered":"<p dir=\"ltr\" data-placeholder=\"Tradu\u00e7\u00e3o\" aria-label=\"Texto traduzido\" data-ved=\"2ahUKEwjh4KHixt-FAxUuBdsEHYLLA8QQ3ewLegQIExAU\"><strong>Caracter\u00edsticas:<\/strong><\/p>\n<ul>\n<li dir=\"ltr\" data-placeholder=\"Tradu\u00e7\u00e3o\" aria-label=\"Texto traduzido\" data-ved=\"2ahUKEwjh4KHixt-FAxUuBdsEHYLLA8QQ3ewLegQIExAU\">Sanita suspensa<\/li>\n<li dir=\"ltr\" data-placeholder=\"Tradu\u00e7\u00e3o\" aria-label=\"Texto traduzido\" data-ved=\"2ahUKEwjh4KHixt-FAxUuBdsEHYLLA8QQ3ewLegQIExAU\">Cor: 00 branca<\/li>\n<li dir=\"ltr\" data-placeholder=\"Tradu\u00e7\u00e3o\" aria-label=\"Texto traduzido\" data-ved=\"2ahUKEwjh4KHixt-FAxUuBdsEHYLLA8QQ3ewLegQIExAU\">Peso: 22Kg<\/li>\n<li dir=\"ltr\" data-placeholder=\"Tradu\u00e7\u00e3o\" aria-label=\"Texto traduzido\" data-ved=\"2ahUKEwjh4KHixt-FAxUuBdsEHYLLA8QQ3ewLegQIExAU\">Medida: 525 x 360 x 400 mm<\/li>\n<\/ul>\n","protected":false},"excerpt":{"rendered":"<ul>\n<li>Descarga horizontal<\/li>\n<li>Kit de pr\u00e9-instala\u00e7\u00e3o inclu\u00eddo<\/li>\n<li>N\u00e3o inclui tanque e tampo<\/li>\n<\/ul>\n<p>Marca: Sanitana<\/p>\n","protected":false},"featured_media":9146,"template":"","meta":[],"product_cat":[174,176,179],"product_tag":[],"class_list":{"0":"post-9145","1":"product","2":"type-product","3":"status-publish","4":"has-post-thumbnail","6":"product_cat-louca-sanitaria","7":"product_cat-suspensa","8":"product_cat-sanitas","9":"ts_product_brand-sanitana","11":"first","12":"instock","13":"taxable","14":"shipping-taxable","15":"product-type-simple"},"_links":{"self":[{"href":"https:\/\/montael.com\/index.php?rest_route=\/wp\/v2\/product\/9145","targetHints":{"allow":["GET"]}}],"collection":[{"href":"https:\/\/montael.com\/index.php?rest_route=\/wp\/v2\/product"}],"about":[{"href":"https:\/\/montael.com\/index.php?rest_route=\/wp\/v2\/types\/product"}],"wp:featuredmedia":[{"embeddable":true,"href":"https:\/\/montael.com\/index.php?rest_route=\/wp\/v2\/media\/9146"}],"wp:attachment":[{"href":"https:\/\/montael.com\/index.php?rest_route=%2Fwp%2Fv2%2Fmedia&parent=9145"}],"wp:term":[{"taxonomy":"product_cat","embeddable":true,"href":"https:\/\/montael.com\/index.php?rest_route=%2Fwp%2Fv2%2Fproduct_cat&post=9145"},{"taxonomy":"product_tag","embeddable":true,"href":"https:\/\/montael.com\/index.php?rest_route=%2Fwp%2Fv2%2Fproduct_tag&post=9145"}],"curies":[{"name":"wp","href":"https:\/\/api.w.org\/{rel}","templated":true}]}}