

{"id":9130,"date":"2025-02-19T11:45:06","date_gmt":"2025-02-19T11:45:06","guid":{"rendered":"https:\/\/montael.com\/new_site\/?post_type=product&#038;p=9130"},"modified":"2025-06-11T10:46:21","modified_gmt":"2025-06-11T09:46:21","slug":"weberdry-824-5kg-cinza","status":"publish","type":"product","link":"https:\/\/montael.com\/?product=weberdry-824-5kg-cinza","title":{"rendered":"Weberdry 824 5KG | Cinza"},"content":{"rendered":"<div id=\"descriptions\" class=\"block-field-marketing-description block block-layout-builder anchor section-on-focus\">\n<p class=\"table-default clearfix text-formatted field field--name-field-marketing-description field--type-text-long field--label-hidden field__item\"><strong>UTILIZA\u00c7\u00d5ES\u00a0<\/strong><br \/>\nImpermeabiliza\u00e7\u00e3o de:<\/p>\n<ul>\n<li>Paredes e pavimentos em \u00e1reas h\u00famidas (casas de banho, cozinhas, etc.), antes da colagem de cer\u00e2mica.<\/li>\n<li>Piscinas.<\/li>\n<li>Varandas e terra\u00e7os.<\/li>\n<li>Reservat\u00f3rios de \u00e1gua para consumo humano (dep\u00f3sitos e tanques).<\/li>\n<li>Superf\u00edcies microfissuradas \u00e0 base de cimento.<\/li>\n<\/ul>\n<p class=\"table-default clearfix text-formatted field field--name-field-marketing-description field--type-text-long field--label-hidden field__item\"><strong>SUPORTES ADMISS\u00cdVEIS<\/strong><\/p>\n<ul>\n<li>Bet\u00e3o, betonilhas e rebocos \u00e0 base de cimento.<\/li>\n<li>Cer\u00e2mica ou pedra, exceto em Piscinas ou tanques.<\/li>\n<li>Gesso cartonado (aplicar weberprim universal como prim\u00e1rio).<\/li>\n<\/ul>\n<\/div>\n<div class=\"taxonomy-term-icon__wrapper block-field-extra-taxonomy-5 block-layout-builder block block-mac3-common\">\n<p><strong>Informa\u00e7\u00e3o T\u00e9cnica:<\/strong><\/p>\n<div class=\"item-list\">\n<p><strong>Consumo | Caracter\u00edsticas: <\/strong><\/p>\n<p>3 a 4,2 kg\/m\u00b2<\/p>\n<\/div>\n<\/div>\n","protected":false},"excerpt":{"rendered":"<p>Argamassa monocomponente flex\u00edvel de impermeabiliza\u00e7\u00e3o.<\/p>\n<ul>\n<li>Revest\u00edvel com cer\u00e2mica ou pedra.<\/li>\n<li>Apto para contacto direto e permanente com \u00e1gua pot\u00e1vel.<\/li>\n<li>Monocomponente.<\/li>\n<li>Cor: Cinza<\/li>\n<li>Embalagem: 5Kg<\/li>\n<\/ul>\n<p>Marca: Weber<\/p>\n","protected":false},"featured_media":9131,"template":"","meta":[],"product_cat":[295,146,155],"product_tag":[],"class_list":{"0":"post-9130","1":"product","2":"type-product","3":"status-publish","4":"has-post-thumbnail","6":"product_cat-argamassas-impermeabilizacao","7":"product_cat-construcao","8":"product_cat-impermeabilizacao","9":"ts_product_brand-weber","11":"first","12":"instock","13":"taxable","14":"shipping-taxable","15":"product-type-simple"},"_links":{"self":[{"href":"https:\/\/montael.com\/index.php?rest_route=\/wp\/v2\/product\/9130","targetHints":{"allow":["GET"]}}],"collection":[{"href":"https:\/\/montael.com\/index.php?rest_route=\/wp\/v2\/product"}],"about":[{"href":"https:\/\/montael.com\/index.php?rest_route=\/wp\/v2\/types\/product"}],"wp:featuredmedia":[{"embeddable":true,"href":"https:\/\/montael.com\/index.php?rest_route=\/wp\/v2\/media\/9131"}],"wp:attachment":[{"href":"https:\/\/montael.com\/index.php?rest_route=%2Fwp%2Fv2%2Fmedia&parent=9130"}],"wp:term":[{"taxonomy":"product_cat","embeddable":true,"href":"https:\/\/montael.com\/index.php?rest_route=%2Fwp%2Fv2%2Fproduct_cat&post=9130"},{"taxonomy":"product_tag","embeddable":true,"href":"https:\/\/montael.com\/index.php?rest_route=%2Fwp%2Fv2%2Fproduct_tag&post=9130"}],"curies":[{"name":"wp","href":"https:\/\/api.w.org\/{rel}","templated":true}]}}