

{"id":9124,"date":"2025-02-19T11:11:27","date_gmt":"2025-02-19T11:11:27","guid":{"rendered":"https:\/\/montael.com\/new_site\/?post_type=product&#038;p=9124"},"modified":"2025-06-11T10:47:38","modified_gmt":"2025-06-11T09:47:38","slug":"webertec-rapid-5-kg-cinza","status":"publish","type":"product","link":"https:\/\/montael.com\/?product=webertec-rapid-5-kg-cinza","title":{"rendered":"Webertec Rapid 5 Kg | Cinza"},"content":{"rendered":"<div id=\"descriptions\" class=\"block-field-marketing-description block block-layout-builder anchor section-on-focus\">\n<p class=\"table-default clearfix text-formatted field field--name-field-marketing-description field--type-text-long field--label-hidden field__item\"><strong>UTILIZA\u00c7\u00d5ES<\/strong><\/p>\n<ul>\n<li>Fixa\u00e7\u00e3o de elementos met\u00e1licos como dobradi\u00e7as de portas ou janelas, cantoneiras, grelhas, corrim\u00e3o, etc.<\/li>\n<li>Fixa\u00e7\u00e3o de tubagens.<\/li>\n<li>Pequenas repara\u00e7\u00f5es que necessitem de uma utiliza\u00e7\u00e3o r\u00e1pida, em espessuras at\u00e9 2 cm.<\/li>\n<\/ul>\n<p class=\"table-default clearfix text-formatted field field--name-field-marketing-description field--type-text-long field--label-hidden field__item\"><strong>SUPORTES ADMISS\u00cdVEIS<\/strong><\/p>\n<ul>\n<li>Alvenaria de tijolo, bloco de bet\u00e3o, argamassa e bet\u00e3o.<\/li>\n<\/ul>\n<\/div>\n<div class=\"taxonomy-term-icon__wrapper block-field-extra-taxonomy-5 block-layout-builder block block-mac3-common\">\n<p><strong>Informa\u00e7\u00e3o T\u00e9cnica:<\/strong><\/p>\n<div class=\"item-list\">\n<p><strong>Consumo | Caracter\u00edsticas: <\/strong><\/p>\n<table class=\"table-default-scrolling\">\n<tbody>\n<tr>\n<td class=\"category-row__item\"><span class=\"category-row__label\">2 kg\/l de enchimento<\/span><\/td>\n<\/tr>\n<\/tbody>\n<\/table>\n<\/div>\n<\/div>\n","protected":false},"excerpt":{"rendered":"<p>Argamassa para fixa\u00e7\u00f5es e repara\u00e7\u00f5es r\u00e1pidas.<\/p>\n<ul>\n<li>Interior e exterior.<\/li>\n<li>Presa r\u00e1pida.<\/li>\n<li>Multiusos e multisuportes.<\/li>\n<li>Embalagem: 5Kg<\/li>\n<\/ul>\n<p>Marca: Weber<\/p>\n","protected":false},"featured_media":9125,"template":"","meta":[],"product_cat":[287,286,146],"product_tag":[],"class_list":{"0":"post-9124","1":"product","2":"type-product","3":"status-publish","4":"has-post-thumbnail","6":"product_cat-argamassas-cimento-construcao","7":"product_cat-cimento-construcao","8":"product_cat-construcao","9":"ts_product_brand-weber","11":"first","12":"instock","13":"taxable","14":"shipping-taxable","15":"product-type-simple"},"_links":{"self":[{"href":"https:\/\/montael.com\/index.php?rest_route=\/wp\/v2\/product\/9124","targetHints":{"allow":["GET"]}}],"collection":[{"href":"https:\/\/montael.com\/index.php?rest_route=\/wp\/v2\/product"}],"about":[{"href":"https:\/\/montael.com\/index.php?rest_route=\/wp\/v2\/types\/product"}],"wp:featuredmedia":[{"embeddable":true,"href":"https:\/\/montael.com\/index.php?rest_route=\/wp\/v2\/media\/9125"}],"wp:attachment":[{"href":"https:\/\/montael.com\/index.php?rest_route=%2Fwp%2Fv2%2Fmedia&parent=9124"}],"wp:term":[{"taxonomy":"product_cat","embeddable":true,"href":"https:\/\/montael.com\/index.php?rest_route=%2Fwp%2Fv2%2Fproduct_cat&post=9124"},{"taxonomy":"product_tag","embeddable":true,"href":"https:\/\/montael.com\/index.php?rest_route=%2Fwp%2Fv2%2Fproduct_tag&post=9124"}],"curies":[{"name":"wp","href":"https:\/\/api.w.org\/{rel}","templated":true}]}}