

{"id":9114,"date":"2025-02-19T10:43:56","date_gmt":"2025-02-19T10:43:56","guid":{"rendered":"https:\/\/montael.com\/new_site\/?post_type=product&#038;p=9114"},"modified":"2025-06-11T10:48:32","modified_gmt":"2025-06-11T09:48:32","slug":"weberdry-kf-5kg-cinza","status":"publish","type":"product","link":"https:\/\/montael.com\/?product=weberdry-kf-5kg-cinza","title":{"rendered":"Weberdry KF 5KG | Cinza"},"content":{"rendered":"<div id=\"descriptions\" class=\"block-field-marketing-description block block-layout-builder anchor section-on-focus\">\n<p class=\"table-default clearfix text-formatted field field--name-field-marketing-description field--type-text-long field--label-hidden field__item\"><strong>UTILIZA\u00c7\u00d5ES<\/strong><\/p>\n<ul>\n<li>Impermeabiliza\u00e7\u00e3o em press\u00e3o e contrapress\u00e3o de \u00e1gua.<\/li>\n<li>Dep\u00f3sitos de \u00e1gua pot\u00e1vel, tanques, piscinas, etc.<\/li>\n<li>Constru\u00e7\u00f5es enterradas como caves, parques subterr\u00e2neos, caixas de elevador, galerias, t\u00faneis, etc e em muros de conten\u00e7\u00e3o de terras.<\/li>\n<li>Resiste ao contacto de \u00e1guas agressivas e \u00e1guas do mar.<\/li>\n<\/ul>\n<p class=\"table-default clearfix text-formatted field field--name-field-marketing-description field--type-text-long field--label-hidden field__item\"><strong>SUPORTES ADMISS\u00cdVEIS<\/strong><\/p>\n<ul>\n<li>Suportes \u00e0 base de cimento.<\/li>\n<\/ul>\n<\/div>\n<div class=\"taxonomy-term-icon__wrapper block-field-extra-taxonomy-5 block-layout-builder block block-mac3-common\">\n<p><strong>Informa\u00e7\u00e3o T\u00e9cnica:<\/strong><\/p>\n<div class=\"item-list\">\n<p><strong>Consumo | Caracter\u00edsticas: <\/strong><\/p>\n<p>3 a 4 kg\/m\u00b2 (para 2 mm de espessura)<\/p>\n<\/div>\n<\/div>\n","protected":false},"excerpt":{"rendered":"<p>Argamassa impermeabiliza\u00e7\u00e3o em camada fina.<\/p>\n<ul>\n<li>Aplicado \u00e0 trincha.<\/li>\n<li>Apto para contacto direto e permanente com \u00e1gua pot\u00e1vel.<\/li>\n<li>Resiste \u00e0 press\u00e3o positiva e negativa.<\/li>\n<li>Cor: Cinza<\/li>\n<li>Embalagem: 5Kg<\/li>\n<\/ul>\n<p>Marca: Weber<\/p>\n","protected":false},"featured_media":9115,"template":"","meta":[],"product_cat":[295,146,155],"product_tag":[],"class_list":{"0":"post-9114","1":"product","2":"type-product","3":"status-publish","4":"has-post-thumbnail","6":"product_cat-argamassas-impermeabilizacao","7":"product_cat-construcao","8":"product_cat-impermeabilizacao","9":"ts_product_brand-weber","11":"first","12":"instock","13":"taxable","14":"shipping-taxable","15":"product-type-simple"},"_links":{"self":[{"href":"https:\/\/montael.com\/index.php?rest_route=\/wp\/v2\/product\/9114","targetHints":{"allow":["GET"]}}],"collection":[{"href":"https:\/\/montael.com\/index.php?rest_route=\/wp\/v2\/product"}],"about":[{"href":"https:\/\/montael.com\/index.php?rest_route=\/wp\/v2\/types\/product"}],"wp:featuredmedia":[{"embeddable":true,"href":"https:\/\/montael.com\/index.php?rest_route=\/wp\/v2\/media\/9115"}],"wp:attachment":[{"href":"https:\/\/montael.com\/index.php?rest_route=%2Fwp%2Fv2%2Fmedia&parent=9114"}],"wp:term":[{"taxonomy":"product_cat","embeddable":true,"href":"https:\/\/montael.com\/index.php?rest_route=%2Fwp%2Fv2%2Fproduct_cat&post=9114"},{"taxonomy":"product_tag","embeddable":true,"href":"https:\/\/montael.com\/index.php?rest_route=%2Fwp%2Fv2%2Fproduct_tag&post=9114"}],"curies":[{"name":"wp","href":"https:\/\/api.w.org\/{rel}","templated":true}]}}