

{"id":9107,"date":"2025-02-19T10:24:56","date_gmt":"2025-02-19T10:24:56","guid":{"rendered":"https:\/\/montael.com\/new_site\/?post_type=product&#038;p=9107"},"modified":"2025-06-11T10:50:02","modified_gmt":"2025-06-11T09:50:02","slug":"weberdry-rede-90-rolo-de-1-x-25-m","status":"publish","type":"product","link":"https:\/\/montael.com\/?product=weberdry-rede-90-rolo-de-1-x-25-m","title":{"rendered":"Weberdry Rede 90 | Rolo de 1 x 25 m"},"content":{"rendered":"<p><strong>UTILIZA\u00c7\u00d5ES<\/strong><\/p>\n<ul>\n<li>Para refor\u00e7o mec\u00e2nico da argamassa de impermeabiliza\u00e7\u00e3o em camada fina weberdry KF ou da membrana monocomponente flex\u00edvel de impermeabiliza\u00e7\u00e3o weberdry 824, assim como de produtos similares a estes, melhorando a resist\u00eancia \u00e0 fissura\u00e7\u00e3o e conferindo uma maior estanquidade.<\/li>\n<li>Melhoria de resist\u00eancia ao choque de revestimentos de acabamento decorativos.<\/li>\n<li>Melhoria do comportamento \u00e0 fissura\u00e7\u00e3o de gessos e estuques de gesso para paredes interiores.<\/li>\n<li>Melhoria do desempenho de revestimentos tradicionais.<\/li>\n<\/ul>\n<p><strong>\u00a0SUPORTES ADMISS\u00cdVEIS\u00a0<\/strong><\/p>\n<ul>\n<li>Apto para os suportes admiss\u00edveis pelos produtos de impermeabiliza\u00e7\u00e3o ou outros tais como revestimentos de acabamento decorativos e gessos, em uso combinado com a rede weberdry rede 90.<\/li>\n<\/ul>\n<p>&nbsp;<\/p>\n","protected":false},"excerpt":{"rendered":"<p>Rede de fibra de vidro com tratamento antialcalino para refor\u00e7o de impermeabiliza\u00e7\u00f5es.<\/p>\n<ul>\n<li>F\u00e1cil de aplicar.<\/li>\n<li>Resiste \u00e0 alcalinidade do cimento.<\/li>\n<li>Melhoria do desempenho mec\u00e2nico das impermeabiliza\u00e7\u00f5es.<\/li>\n<\/ul>\n<p>Marca: Weber<\/p>\n","protected":false},"featured_media":9108,"template":"","meta":[],"product_cat":[146,155],"product_tag":[],"class_list":{"0":"post-9107","1":"product","2":"type-product","3":"status-publish","4":"has-post-thumbnail","6":"product_cat-construcao","7":"product_cat-impermeabilizacao","8":"ts_product_brand-weber","10":"first","11":"instock","12":"taxable","13":"shipping-taxable","14":"product-type-simple"},"_links":{"self":[{"href":"https:\/\/montael.com\/index.php?rest_route=\/wp\/v2\/product\/9107","targetHints":{"allow":["GET"]}}],"collection":[{"href":"https:\/\/montael.com\/index.php?rest_route=\/wp\/v2\/product"}],"about":[{"href":"https:\/\/montael.com\/index.php?rest_route=\/wp\/v2\/types\/product"}],"wp:featuredmedia":[{"embeddable":true,"href":"https:\/\/montael.com\/index.php?rest_route=\/wp\/v2\/media\/9108"}],"wp:attachment":[{"href":"https:\/\/montael.com\/index.php?rest_route=%2Fwp%2Fv2%2Fmedia&parent=9107"}],"wp:term":[{"taxonomy":"product_cat","embeddable":true,"href":"https:\/\/montael.com\/index.php?rest_route=%2Fwp%2Fv2%2Fproduct_cat&post=9107"},{"taxonomy":"product_tag","embeddable":true,"href":"https:\/\/montael.com\/index.php?rest_route=%2Fwp%2Fv2%2Fproduct_tag&post=9107"}],"curies":[{"name":"wp","href":"https:\/\/api.w.org\/{rel}","templated":true}]}}