

{"id":9104,"date":"2025-02-19T10:05:03","date_gmt":"2025-02-19T10:05:03","guid":{"rendered":"https:\/\/montael.com\/new_site\/?post_type=product&#038;p=9104"},"modified":"2025-06-11T10:49:35","modified_gmt":"2025-06-11T09:49:35","slug":"weberdry-roll-banda-rolo-de-012-x-20-m","status":"publish","type":"product","link":"https:\/\/montael.com\/?product=weberdry-roll-banda-rolo-de-012-x-20-m","title":{"rendered":"Weberdry Roll Banda | Rolo de 0,12 x 20 m"},"content":{"rendered":"<p><strong>UTILIZA\u00c7\u00d5ES\u00a0<\/strong><\/p>\n<ul>\n<li>Impermeabiliza\u00e7\u00e3o de varandas e terra\u00e7os, para posterior colagem de revestimento cer\u00e2mico, pedra e mosaico hidr\u00e1ulico.<\/li>\n<li>Impermeabiliza\u00e7\u00e3o de casas de banho, cozinhas, restaurantes e outras zonas h\u00famidas com \u00e1gua n\u00e3o permanente, para posterior colagem de cer\u00e2mica, pedra e mosaico hidr\u00e1ulico.<\/li>\n<li>Para aplica\u00e7\u00e3o em suportes tais como betonilhas, madeira, cer\u00e2mica ou pedra e gesso ou gesso cartonado.<\/li>\n<li>Para desacoplamento em suportes sujeitos a varia\u00e7\u00f5es dimensionais, tais como madeira, pisos aquecidos, entre outros (como ponte de materiais).<\/li>\n<li>Preven\u00e7\u00e3o contra eventuais humidades a partir do suporte, para prote\u00e7\u00e3o dos revestimentos.<\/li>\n<\/ul>\n<p><strong>\u00a0SUPORTES ADMISS\u00cdVEIS\u00a0<\/strong><\/p>\n<ul>\n<li>Rebocos ou betonilhas, madeira, cer\u00e2mica ou pedra e gesso ou gesso cartonado.<\/li>\n<\/ul>\n<p>&nbsp;<\/p>\n","protected":false},"excerpt":{"rendered":"<ul>\n<li>Banda de sobreposi\u00e7\u00e3o e liga\u00e7\u00e3o de membranas weberdry roll.<\/li>\n<li>Aplica\u00e7\u00e3o f\u00e1cil e r\u00e1pida.<\/li>\n<\/ul>\n<p>Marca: Weber<\/p>\n","protected":false},"featured_media":9105,"template":"","meta":[],"product_cat":[146,155,246],"product_tag":[],"class_list":{"0":"post-9104","1":"product","2":"type-product","3":"status-publish","4":"has-post-thumbnail","6":"product_cat-construcao","7":"product_cat-impermeabilizacao","8":"product_cat-membranas-betuminosas","9":"ts_product_brand-weber","11":"first","12":"instock","13":"taxable","14":"shipping-taxable","15":"product-type-simple"},"_links":{"self":[{"href":"https:\/\/montael.com\/index.php?rest_route=\/wp\/v2\/product\/9104","targetHints":{"allow":["GET"]}}],"collection":[{"href":"https:\/\/montael.com\/index.php?rest_route=\/wp\/v2\/product"}],"about":[{"href":"https:\/\/montael.com\/index.php?rest_route=\/wp\/v2\/types\/product"}],"wp:featuredmedia":[{"embeddable":true,"href":"https:\/\/montael.com\/index.php?rest_route=\/wp\/v2\/media\/9105"}],"wp:attachment":[{"href":"https:\/\/montael.com\/index.php?rest_route=%2Fwp%2Fv2%2Fmedia&parent=9104"}],"wp:term":[{"taxonomy":"product_cat","embeddable":true,"href":"https:\/\/montael.com\/index.php?rest_route=%2Fwp%2Fv2%2Fproduct_cat&post=9104"},{"taxonomy":"product_tag","embeddable":true,"href":"https:\/\/montael.com\/index.php?rest_route=%2Fwp%2Fv2%2Fproduct_tag&post=9104"}],"curies":[{"name":"wp","href":"https:\/\/api.w.org\/{rel}","templated":true}]}}