

{"id":9069,"date":"2025-02-18T17:54:20","date_gmt":"2025-02-18T17:54:20","guid":{"rendered":"https:\/\/montael.com\/new_site\/?post_type=product&#038;p=9069"},"modified":"2025-02-24T10:59:07","modified_gmt":"2025-02-24T10:59:07","slug":"webertec-glass-25-kg-branco","status":"publish","type":"product","link":"https:\/\/montael.com\/?product=webertec-glass-25-kg-branco","title":{"rendered":"Webertec Glass 25 Kg | Branco"},"content":{"rendered":"<div id=\"descriptions\" class=\"block-field-marketing-description block block-layout-builder anchor section-on-focus\">\n<p class=\"table-default clearfix text-formatted field field--name-field-marketing-description field--type-text-long field--label-hidden field__item\"><strong>UTILIZA\u00c7\u00d5ES<\/strong><\/p>\n<ul>\n<li>Assentamento de tijolo de vidro, em interiores e exteriores.<\/li>\n<\/ul>\n<p class=\"table-default clearfix text-formatted field field--name-field-marketing-description field--type-text-long field--label-hidden field__item\"><strong>SUPORTES ADMISS\u00cdVEIS<\/strong><\/p>\n<ul>\n<li>Tijolo de vidro.<\/li>\n<\/ul>\n<\/div>\n<div class=\"taxonomy-term-icon__wrapper block-field-extra-taxonomy-5 block-layout-builder block block-mac3-common\">\n<p><strong>Informa\u00e7\u00e3o T\u00e9cnica:<\/strong><\/p>\n<div class=\"item-list\">\n<p><strong>Consumo | Caracter\u00edsticas: <\/strong><\/p>\n<p>20 a 25 kg\/m\u00b2 considerando tijolos de vidro com 19x19x8 cm e junta de 10 mm<\/p>\n<\/div>\n<\/div>\n","protected":false},"excerpt":{"rendered":"<ul>\n<li>Cores: Branco<\/li>\n<li>Embalagem: 25Kg<\/li>\n<li>Argamassa para assentamento de tijolo de vidro<\/li>\n<\/ul>\n","protected":false},"featured_media":9070,"template":"","meta":[],"product_cat":[287,286,146],"product_tag":[],"class_list":{"0":"post-9069","1":"product","2":"type-product","3":"status-publish","4":"has-post-thumbnail","6":"product_cat-argamassas-cimento-construcao","7":"product_cat-cimento-construcao","8":"product_cat-construcao","10":"first","11":"instock","12":"taxable","13":"shipping-taxable","14":"product-type-simple"},"_links":{"self":[{"href":"https:\/\/montael.com\/index.php?rest_route=\/wp\/v2\/product\/9069","targetHints":{"allow":["GET"]}}],"collection":[{"href":"https:\/\/montael.com\/index.php?rest_route=\/wp\/v2\/product"}],"about":[{"href":"https:\/\/montael.com\/index.php?rest_route=\/wp\/v2\/types\/product"}],"wp:featuredmedia":[{"embeddable":true,"href":"https:\/\/montael.com\/index.php?rest_route=\/wp\/v2\/media\/9070"}],"wp:attachment":[{"href":"https:\/\/montael.com\/index.php?rest_route=%2Fwp%2Fv2%2Fmedia&parent=9069"}],"wp:term":[{"taxonomy":"product_cat","embeddable":true,"href":"https:\/\/montael.com\/index.php?rest_route=%2Fwp%2Fv2%2Fproduct_cat&post=9069"},{"taxonomy":"product_tag","embeddable":true,"href":"https:\/\/montael.com\/index.php?rest_route=%2Fwp%2Fv2%2Fproduct_tag&post=9069"}],"curies":[{"name":"wp","href":"https:\/\/api.w.org\/{rel}","templated":true}]}}