

{"id":9036,"date":"2025-02-18T14:21:21","date_gmt":"2025-02-18T14:21:21","guid":{"rendered":"https:\/\/montael.com\/new_site\/?post_type=product&#038;p=9036"},"modified":"2025-06-09T10:12:13","modified_gmt":"2025-06-09T09:12:13","slug":"inara-500-conjunto-movel-2-portas-e-1-gaveta-branco-brilho-lavatorio-113718","status":"publish","type":"product","link":"https:\/\/montael.com\/?product=inara-500-conjunto-movel-2-portas-e-1-gaveta-branco-brilho-lavatorio-113718","title":{"rendered":"Inara 500 | Conjunto M\u00f3vel 2 portas e 1 gaveta Branco Brilho + Lavat\u00f3rio 113718"},"content":{"rendered":"<p data-style=\"text-align:justify\"><span style=\"font-family: arial, sans-serif; font-size: medium;\">Descubra a\u00a0<strong>eleg\u00e2ncia funcional de Inara,<\/strong> a solu\u00e7\u00e3o de m\u00f3veis para casas de banho mais pequenas. <\/span><span style=\"font-family: arial, sans-serif; font-size: medium;\">Os\u00a0<strong>puxadores e p\u00e9s no acabamento preto<\/strong> adicionam um toque sofisticado, enquanto a estrutura otimizada de profundidade 35cm maximiza o espa\u00e7o, tornando-o a escolha perfeita sem perder a funcionalidade.<\/span><\/p>\n<p><strong>Caracter\u00edsticas:<\/strong><\/p>\n<div class=\"product-technical-info-row\">\n<ul>\n<li class=\"name\">Material principal &#8211; Placas de part\u00edculas laminadas (classe E-1)<\/li>\n<li class=\"name\">S\u00e9rie &#8211; Inara<\/li>\n<li class=\"name\">Norma EN 717-1<\/li>\n<li class=\"name\">Al\u00e7a externa<\/li>\n<\/ul>\n<\/div>\n","protected":false},"excerpt":{"rendered":"<p>Cores: Branco Brilho<\/p>\n<p>Composto por :<\/p>\n<ul>\n<li>M\u00f3vel<\/li>\n<li>Lavat\u00f3rio<\/li>\n<\/ul>\n<p>Marca: Salgar<\/p>\n","protected":false},"featured_media":9038,"template":"","meta":[],"product_cat":[217,219],"product_tag":[],"class_list":{"0":"post-9036","1":"product","2":"type-product","3":"status-publish","4":"has-post-thumbnail","6":"product_cat-moveis-casa-banho","7":"product_cat-moveis-de-chao","8":"ts_product_brand-salgar","10":"first","11":"instock","12":"taxable","13":"shipping-taxable","14":"product-type-simple"},"_links":{"self":[{"href":"https:\/\/montael.com\/index.php?rest_route=\/wp\/v2\/product\/9036","targetHints":{"allow":["GET"]}}],"collection":[{"href":"https:\/\/montael.com\/index.php?rest_route=\/wp\/v2\/product"}],"about":[{"href":"https:\/\/montael.com\/index.php?rest_route=\/wp\/v2\/types\/product"}],"wp:featuredmedia":[{"embeddable":true,"href":"https:\/\/montael.com\/index.php?rest_route=\/wp\/v2\/media\/9038"}],"wp:attachment":[{"href":"https:\/\/montael.com\/index.php?rest_route=%2Fwp%2Fv2%2Fmedia&parent=9036"}],"wp:term":[{"taxonomy":"product_cat","embeddable":true,"href":"https:\/\/montael.com\/index.php?rest_route=%2Fwp%2Fv2%2Fproduct_cat&post=9036"},{"taxonomy":"product_tag","embeddable":true,"href":"https:\/\/montael.com\/index.php?rest_route=%2Fwp%2Fv2%2Fproduct_tag&post=9036"}],"curies":[{"name":"wp","href":"https:\/\/api.w.org\/{rel}","templated":true}]}}