

{"id":8998,"date":"2025-02-18T11:46:21","date_gmt":"2025-02-18T11:46:21","guid":{"rendered":"https:\/\/montael.com\/new_site\/?post_type=product&#038;p=8998"},"modified":"2025-06-09T10:24:56","modified_gmt":"2025-06-09T09:24:56","slug":"espelho-sena-90x80-16911","status":"publish","type":"product","link":"https:\/\/montael.com\/?product=espelho-sena-90x80-16911","title":{"rendered":"Espelho Sena 90&#215;80 16911"},"content":{"rendered":"<p>O\u00a0<strong>espelho SENA<\/strong>\u00a0de pedra-da-lua polida de 5mm \u00e9 perfeito para combinar com quaisquer das nossas s\u00e9ries, devido \u00e0 sua simplicidade como caracter\u00edstica principal.<\/p>\n<p><b>Caracter\u00edsticas:<\/b><\/p>\n<div class=\"product-technical-info-row\">\n<ul>\n<li class=\"name\">Material principal &#8211; Glass<\/li>\n<li class=\"name\">Medidas do produto &#8211; 900 x 800 mm<\/li>\n<li class=\"name\">Peso de embalagem &#8211; 1.2<\/li>\n<li class=\"name\">Peso Neto Kg &#8211; 10<\/li>\n<li class=\"name\">S\u00e9rie &#8211; Sena<\/li>\n<li class=\"name\">Peso bruto Kg &#8211; 11.2<\/li>\n<li class=\"name\">Volume Bruto (D3) &#8211; 41.28<\/li>\n<li class=\"name\">Altura de embalagem (mm) &#8211; 960<\/li>\n<li class=\"name\">Profundidade de embalagem &#8211; 50<\/li>\n<li class=\"name\">Embalagem largura (mm) &#8211; 860<\/li>\n<\/ul>\n<\/div>\n","protected":false},"excerpt":{"rendered":"<p>Marca: Salgar<\/p>\n","protected":false},"featured_media":8981,"template":"","meta":[],"product_cat":[221,217],"product_tag":[],"class_list":{"0":"post-8998","1":"product","2":"type-product","3":"status-publish","4":"has-post-thumbnail","6":"product_cat-espelhos","7":"product_cat-moveis-casa-banho","8":"ts_product_brand-salgar","10":"first","11":"instock","12":"taxable","13":"shipping-taxable","14":"product-type-simple"},"_links":{"self":[{"href":"https:\/\/montael.com\/index.php?rest_route=\/wp\/v2\/product\/8998","targetHints":{"allow":["GET"]}}],"collection":[{"href":"https:\/\/montael.com\/index.php?rest_route=\/wp\/v2\/product"}],"about":[{"href":"https:\/\/montael.com\/index.php?rest_route=\/wp\/v2\/types\/product"}],"wp:featuredmedia":[{"embeddable":true,"href":"https:\/\/montael.com\/index.php?rest_route=\/wp\/v2\/media\/8981"}],"wp:attachment":[{"href":"https:\/\/montael.com\/index.php?rest_route=%2Fwp%2Fv2%2Fmedia&parent=8998"}],"wp:term":[{"taxonomy":"product_cat","embeddable":true,"href":"https:\/\/montael.com\/index.php?rest_route=%2Fwp%2Fv2%2Fproduct_cat&post=8998"},{"taxonomy":"product_tag","embeddable":true,"href":"https:\/\/montael.com\/index.php?rest_route=%2Fwp%2Fv2%2Fproduct_tag&post=8998"}],"curies":[{"name":"wp","href":"https:\/\/api.w.org\/{rel}","templated":true}]}}