

{"id":8985,"date":"2025-02-18T10:39:04","date_gmt":"2025-02-18T10:39:04","guid":{"rendered":"https:\/\/montael.com\/new_site\/?post_type=product&#038;p=8985"},"modified":"2025-02-18T15:58:33","modified_gmt":"2025-02-18T15:58:33","slug":"noja-800-conjunto-movel-2-gavetas-nogal-maya-lavatorio-106132","status":"publish","type":"product","link":"https:\/\/montael.com\/?product=noja-800-conjunto-movel-2-gavetas-nogal-maya-lavatorio-106132","title":{"rendered":"Noja 800 | Conjunto M\u00f3vel 2 gavetas Nogal Maya + Lavat\u00f3rio 106132"},"content":{"rendered":"<p data-style=\"margin-top:0cm;margin-right:0cm;margin-bottom:8.0pt;margin-left:0cm;text-align:justify;line-height:150%;font-size:15px;font-family:&quot;Century Gothic&quot;,sans-serif;\"><span data-style=\"font-size:16px;line-height:150%;font-family:&quot;Arial&quot;,sans-serif;\">Porque o essencial tamb\u00e9m pode\u00a0<strong>estar cheio de op\u00e7\u00f5es<\/strong>, a fam\u00edlia de\u00a0<strong>m\u00f3veis de casa de banho Noja<\/strong> expandiu a sua gama de acabamentos e solu\u00e7\u00f5es de armazenamento, al\u00e9m de melhorar as suas guias e interiores. O seu design simples, mas funcional, permite que se adaptem a qualquer estilo.<\/span><\/p>\n<p data-style=\"margin-top:0cm;margin-right:0cm;margin-bottom:8.0pt;margin-left:0cm;text-align:justify;line-height:150%;font-size:15px;font-family:&quot;Century Gothic&quot;,sans-serif;\"><span data-style=\"font-size:16px;line-height:150%;font-family:&quot;Arial&quot;,sans-serif;\">As gavetas da s\u00e9rie possuem fechamento amortecido e guias Hettich, garantindo suavidade de funcionamento e qualidade.<\/span><\/p>\n<p><strong>Caracter\u00edsticas:<\/strong><\/p>\n<div class=\"product-technical-info-row\">\n<ul>\n<li class=\"name\">Material principal &#8211; Placas de part\u00edculas laminadas (classe E-1)<\/li>\n<li class=\"name\">S\u00e9rie &#8211; Noja<\/li>\n<li class=\"name\">Peso bruto Kg &#8211; 45.5<\/li>\n<li class=\"name\">Volume Bruto (D3) &#8211; 342.02<\/li>\n<\/ul>\n<\/div>\n","protected":false},"excerpt":{"rendered":"<p>Cores: <img decoding=\"async\" class=\"alignnone wp-image-8986\" src=\"https:\/\/montael.com\/new_site\/wp-content\/uploads\/2025\/02\/nogal-maya.jpg\" alt=\"\" width=\"25\" height=\"25\" srcset=\"https:\/\/montael.com\/new_site\/wp-content\/uploads\/2025\/02\/nogal-maya.jpg 60w, https:\/\/montael.com\/new_site\/wp-content\/uploads\/2025\/02\/nogal-maya-46x46.jpg 46w, https:\/\/montael.com\/new_site\/wp-content\/uploads\/2025\/02\/nogal-maya-54x54.jpg 54w\" sizes=\"(max-width: 25px) 100vw, 25px\" \/><\/p>\n<p>Composto por :<\/p>\n<ul>\n<li>M\u00f3vel<\/li>\n<li>Lavat\u00f3rio<\/li>\n<\/ul>\n","protected":false},"featured_media":8987,"template":"","meta":[],"product_cat":[217,218],"product_tag":[],"class_list":{"0":"post-8985","1":"product","2":"type-product","3":"status-publish","4":"has-post-thumbnail","6":"product_cat-moveis-casa-banho","7":"product_cat-moveis-suspensos","9":"first","10":"instock","11":"taxable","12":"shipping-taxable","13":"product-type-simple"},"_links":{"self":[{"href":"https:\/\/montael.com\/index.php?rest_route=\/wp\/v2\/product\/8985","targetHints":{"allow":["GET"]}}],"collection":[{"href":"https:\/\/montael.com\/index.php?rest_route=\/wp\/v2\/product"}],"about":[{"href":"https:\/\/montael.com\/index.php?rest_route=\/wp\/v2\/types\/product"}],"wp:featuredmedia":[{"embeddable":true,"href":"https:\/\/montael.com\/index.php?rest_route=\/wp\/v2\/media\/8987"}],"wp:attachment":[{"href":"https:\/\/montael.com\/index.php?rest_route=%2Fwp%2Fv2%2Fmedia&parent=8985"}],"wp:term":[{"taxonomy":"product_cat","embeddable":true,"href":"https:\/\/montael.com\/index.php?rest_route=%2Fwp%2Fv2%2Fproduct_cat&post=8985"},{"taxonomy":"product_tag","embeddable":true,"href":"https:\/\/montael.com\/index.php?rest_route=%2Fwp%2Fv2%2Fproduct_tag&post=8985"}],"curies":[{"name":"wp","href":"https:\/\/api.w.org\/{rel}","templated":true}]}}