

{"id":8561,"date":"2024-08-12T11:03:16","date_gmt":"2024-08-12T11:03:16","guid":{"rendered":"https:\/\/montael.com\/new_site\/?post_type=product&#038;p=8561"},"modified":"2025-06-06T14:41:25","modified_gmt":"2025-06-06T13:41:25","slug":"bauedge-monocomando-de-bide-cromada-23332001","status":"publish","type":"product","link":"https:\/\/montael.com\/?product=bauedge-monocomando-de-bide-cromada-23332001","title":{"rendered":"Bauedge Monocomando de bid\u00e9 cromada 23332001"},"content":{"rendered":"<p dir=\"ltr\" data-placeholder=\"Tradu\u00e7\u00e3o\" aria-label=\"Texto traduzido\" data-ved=\"2ahUKEwjh4KHixt-FAxUuBdsEHYLLA8QQ3ewLegQIExAU\"><strong>Caracter\u00edsticas:<\/strong><\/p>\n<ul>\n<li>Man\u00edpulo met\u00e1lico<\/li>\n<li>Acabamento GROHE Long-Life<\/li>\n<li>GROHE Water Saving para menor consumo e jato perfeito<\/li>\n<li>Caudal m\u00e1ximo (a 3 bar): 5 l\/min<\/li>\n<li>Sistema de instala\u00e7\u00e3o r\u00e1pida<\/li>\n<li>R\u00f3tula orient\u00e1vel<\/li>\n<li>Corrente deslizante<\/li>\n<li>Liga\u00e7\u00f5es flex\u00edveis<\/li>\n<\/ul>\n","protected":false},"excerpt":{"rendered":"<div class=\"product-box__tableRow\">\n<div class=\"product-box__tableCell product-box__tableCell--label\">N\u00famero do produto | 23332001<\/div>\n<\/div>\n<div class=\"product-box__tableRow\">\n<div class=\"product-box__tableCell product-box__tableCell--label\">EAN | 4005176719837<\/div>\n<\/div>\n<div class=\"product-box__tableRow\">\n<div class=\"product-box__tableCell product-box__tableCell--label product-box__color\">Cor <span class=\"color-bubble\"><img decoding=\"async\" class=\"23332000\" title=\"cromado\" src=\"https:\/\/cdn.cloud.grohe.com\/Web\/colour_plates\/36x36\/000.png\" \/> <\/span><strong>cromado<\/strong><\/div>\n<div>Marca: Grohe<\/div>\n<\/div>\n","protected":false},"featured_media":8563,"template":"","meta":[],"product_cat":[191,196],"product_tag":[],"class_list":{"0":"post-8561","1":"product","2":"type-product","3":"status-publish","4":"has-post-thumbnail","6":"product_cat-torneiras","7":"product_cat-bide","8":"ts_product_brand-grohe","10":"first","11":"instock","12":"taxable","13":"shipping-taxable","14":"product-type-simple"},"_links":{"self":[{"href":"https:\/\/montael.com\/index.php?rest_route=\/wp\/v2\/product\/8561","targetHints":{"allow":["GET"]}}],"collection":[{"href":"https:\/\/montael.com\/index.php?rest_route=\/wp\/v2\/product"}],"about":[{"href":"https:\/\/montael.com\/index.php?rest_route=\/wp\/v2\/types\/product"}],"wp:featuredmedia":[{"embeddable":true,"href":"https:\/\/montael.com\/index.php?rest_route=\/wp\/v2\/media\/8563"}],"wp:attachment":[{"href":"https:\/\/montael.com\/index.php?rest_route=%2Fwp%2Fv2%2Fmedia&parent=8561"}],"wp:term":[{"taxonomy":"product_cat","embeddable":true,"href":"https:\/\/montael.com\/index.php?rest_route=%2Fwp%2Fv2%2Fproduct_cat&post=8561"},{"taxonomy":"product_tag","embeddable":true,"href":"https:\/\/montael.com\/index.php?rest_route=%2Fwp%2Fv2%2Fproduct_tag&post=8561"}],"curies":[{"name":"wp","href":"https:\/\/api.w.org\/{rel}","templated":true}]}}