

{"id":8545,"date":"2024-08-12T09:59:30","date_gmt":"2024-08-12T09:59:30","guid":{"rendered":"https:\/\/montael.com\/new_site\/?post_type=product&#038;p=8545"},"modified":"2025-02-24T17:17:25","modified_gmt":"2025-02-24T17:17:25","slug":"minta-monocomando-de-lava-louca-1-2%e2%80%b3-32168000-cromada","status":"publish","type":"product","link":"https:\/\/montael.com\/?product=minta-monocomando-de-lava-louca-1-2%e2%80%b3-32168000-cromada","title":{"rendered":"Minta Monocomando de lava-lou\u00e7a 1\/2\u2033 32168000 cromada"},"content":{"rendered":"<h4 id=\"tw-target-text\" class=\"tw-data-text tw-text-large tw-ta\" dir=\"ltr\" data-placeholder=\"Tradu\u00e7\u00e3o\" aria-label=\"Texto traduzido\" data-ved=\"2ahUKEwiq-cvxl--HAxUhXEEAHV47B8gQ3ewLegQIBxAU\"><span class=\"Y2IQFc\" lang=\"pt\">&#8220;Est\u00e9tica equilibrada e a mais recente tecnologia \u2013 a torneira misturadora monocomando GROHE Minta com chuveiro extra\u00edvel confort\u00e1vel&#8221;<\/span><\/h4>\n<p dir=\"ltr\" data-placeholder=\"Tradu\u00e7\u00e3o\" aria-label=\"Texto traduzido\" data-ved=\"2ahUKEwjh4KHixt-FAxUuBdsEHYLLA8QQ3ewLegQIExAU\"><strong>Caracter\u00edsticas:<\/strong><\/p>\n<ul class=\"columns columns-3 list\">\n<li>Bica em C<\/li>\n<li>1 furo para instala\u00e7\u00e3o<\/li>\n<li>Acabamento GROHE Long-Life<\/li>\n<li>Cartucho de discos cer\u00e2micos GROHE SilkMove 46 mm<\/li>\n<li>GROHE EasyDock garante uma retra\u00e7\u00e3o f\u00e1cil e um retorno suave de volta \u00e0 posi\u00e7\u00e3o inicial<\/li>\n<li>Bica extra\u00edvel com jato duplo<\/li>\n<li>Inversor: jato laminar\/chuveiro SpeedClean<\/li>\n<li>Limitador ecol\u00f3gico de caudal<\/li>\n<li>Bica girat\u00f3ria<\/li>\n<li>\u00c2ngulo de 360\u00b0<\/li>\n<li>V\u00e1lvulas anti-retorno integradas<\/li>\n<li>Liga\u00e7\u00f5es flex\u00edveis<\/li>\n<li>Sistema de instala\u00e7\u00e3o r\u00e1pida<\/li>\n<li>Caudal m\u00e1ximo (a 3 bar): 9 l\/min<\/li>\n<\/ul>\n","protected":false},"excerpt":{"rendered":"<div class=\"product-box__tableRow\">\n<div class=\"product-box__tableCell product-box__tableCell--label\"><strong>N\u00famero do produto<\/strong> 32168000<\/div>\n<\/div>\n<div class=\"product-box__tableRow\">\n<div class=\"product-box__tableCell product-box__tableCell--label\"><strong>EAN<\/strong> 4005176824425<\/div>\n<\/div>\n<div class=\"product-box__tableRow\">\n<div class=\"product-box__tableCell product-box__tableCell--label product-box__color\"><strong>Cor<\/strong> <span class=\"color-bubble\"><img decoding=\"async\" class=\"31367001\" title=\"cromado\" src=\"https:\/\/cdn.cloud.grohe.com\/Web\/colour_plates\/36x36\/000.png\" \/> <\/span>cromado<\/div>\n<\/div>\n","protected":false},"featured_media":8546,"template":"","meta":[],"product_cat":[158,188,299],"product_tag":[],"class_list":{"0":"post-8545","1":"product","2":"type-product","3":"status-publish","4":"has-post-thumbnail","6":"product_cat-cozinha","7":"product_cat-monocomando-banca","8":"product_cat-torneiras-de-cozinha","10":"first","11":"instock","12":"featured","13":"taxable","14":"shipping-taxable","15":"product-type-simple"},"_links":{"self":[{"href":"https:\/\/montael.com\/index.php?rest_route=\/wp\/v2\/product\/8545","targetHints":{"allow":["GET"]}}],"collection":[{"href":"https:\/\/montael.com\/index.php?rest_route=\/wp\/v2\/product"}],"about":[{"href":"https:\/\/montael.com\/index.php?rest_route=\/wp\/v2\/types\/product"}],"wp:featuredmedia":[{"embeddable":true,"href":"https:\/\/montael.com\/index.php?rest_route=\/wp\/v2\/media\/8546"}],"wp:attachment":[{"href":"https:\/\/montael.com\/index.php?rest_route=%2Fwp%2Fv2%2Fmedia&parent=8545"}],"wp:term":[{"taxonomy":"product_cat","embeddable":true,"href":"https:\/\/montael.com\/index.php?rest_route=%2Fwp%2Fv2%2Fproduct_cat&post=8545"},{"taxonomy":"product_tag","embeddable":true,"href":"https:\/\/montael.com\/index.php?rest_route=%2Fwp%2Fv2%2Fproduct_tag&post=8545"}],"curies":[{"name":"wp","href":"https:\/\/api.w.org\/{rel}","templated":true}]}}