

{"id":8537,"date":"2024-08-12T09:42:06","date_gmt":"2024-08-12T09:42:06","guid":{"rendered":"https:\/\/montael.com\/new_site\/?post_type=product&#038;p=8537"},"modified":"2025-02-24T17:10:02","modified_gmt":"2025-02-24T17:10:02","slug":"bauedge-monocomando-de-cozinha-cromada-31367000","status":"publish","type":"product","link":"https:\/\/montael.com\/?product=bauedge-monocomando-de-cozinha-cromada-31367000","title":{"rendered":"Bauedge Monocomando de Cozinha Cromada 31367000"},"content":{"rendered":"<p id=\"tw-target-text\" class=\"tw-data-text tw-text-large tw-ta\" dir=\"ltr\" data-placeholder=\"Tradu\u00e7\u00e3o\" aria-label=\"Texto traduzido\" data-ved=\"2ahUKEwiG4pSt_vaFAxU1VKQEHSlZA94Q3ewLegQIBhAU\"><span class=\"Y2IQFc\" lang=\"pt\">&#8220;A TORNEIRA DE COZINHA GROHE BAUEDGE, OFERECE-LHE PRECISA E ALTA FUNCIONALIDADE<br \/>\nCOM GAMA DE GIRO DE 360\u02da E BICA ALTA A UM PRE\u00c7O COMPETITIVO&#8221;<\/span><\/p>\n<p dir=\"ltr\" data-placeholder=\"Tradu\u00e7\u00e3o\" aria-label=\"Texto traduzido\" data-ved=\"2ahUKEwjh4KHixt-FAxUuBdsEHYLLA8QQ3ewLegQIExAU\"><strong>Caracter\u00edsticas:<\/strong><\/p>\n<ul class=\"columns columns-3 list\">\n<li>Bica alta<\/li>\n<li>Acabamento GROHE Long-Life<\/li>\n<li>Bica com mousseur<\/li>\n<li>Bica girat\u00f3ria<\/li>\n<li>\u00c2ngulo de 360\u00b0<\/li>\n<li>Liga\u00e7\u00f5es flex\u00edveis<\/li>\n<li>Caudal m\u00e1ximo (a 3 bar): 10 l\/min<\/li>\n<\/ul>\n","protected":false},"excerpt":{"rendered":"<div class=\"product-box__tableRow\">\n<div class=\"product-box__tableCell product-box__tableCell--label\"><strong>N\u00famero do produto<\/strong> 31367000<\/div>\n<\/div>\n<div class=\"product-box__tableRow\">\n<div class=\"product-box__tableCell product-box__tableCell--label\"><strong>EAN<\/strong> 4005176934346<\/div>\n<\/div>\n<div class=\"product-box__tableRow\">\n<div class=\"product-box__tableCell product-box__tableCell--label product-box__color\"><strong>Cor<\/strong> <span class=\"color-bubble\"><img decoding=\"async\" class=\"31367001\" title=\"cromado\" src=\"https:\/\/cdn.cloud.grohe.com\/Web\/colour_plates\/36x36\/000.png\" \/> <\/span>cromado<\/div>\n<\/div>\n","protected":false},"featured_media":8538,"template":"","meta":[],"product_cat":[158,188,299],"product_tag":[],"class_list":{"0":"post-8537","1":"product","2":"type-product","3":"status-publish","4":"has-post-thumbnail","6":"product_cat-cozinha","7":"product_cat-monocomando-banca","8":"product_cat-torneiras-de-cozinha","10":"first","11":"instock","12":"taxable","13":"shipping-taxable","14":"product-type-simple"},"_links":{"self":[{"href":"https:\/\/montael.com\/index.php?rest_route=\/wp\/v2\/product\/8537","targetHints":{"allow":["GET"]}}],"collection":[{"href":"https:\/\/montael.com\/index.php?rest_route=\/wp\/v2\/product"}],"about":[{"href":"https:\/\/montael.com\/index.php?rest_route=\/wp\/v2\/types\/product"}],"wp:featuredmedia":[{"embeddable":true,"href":"https:\/\/montael.com\/index.php?rest_route=\/wp\/v2\/media\/8538"}],"wp:attachment":[{"href":"https:\/\/montael.com\/index.php?rest_route=%2Fwp%2Fv2%2Fmedia&parent=8537"}],"wp:term":[{"taxonomy":"product_cat","embeddable":true,"href":"https:\/\/montael.com\/index.php?rest_route=%2Fwp%2Fv2%2Fproduct_cat&post=8537"},{"taxonomy":"product_tag","embeddable":true,"href":"https:\/\/montael.com\/index.php?rest_route=%2Fwp%2Fv2%2Fproduct_tag&post=8537"}],"curies":[{"name":"wp","href":"https:\/\/api.w.org\/{rel}","templated":true}]}}