

{"id":8530,"date":"2024-08-12T09:20:38","date_gmt":"2024-08-12T09:20:38","guid":{"rendered":"https:\/\/montael.com\/new_site\/?post_type=product&#038;p=8530"},"modified":"2024-10-16T17:51:17","modified_gmt":"2024-10-16T16:51:17","slug":"lake-tampo-sanita-02-durosoft-branco-rd10000888360","status":"publish","type":"product","link":"https:\/\/montael.com\/?product=lake-tampo-sanita-02-durosoft-branco-rd10000888360","title":{"rendered":"Lake tampo sanita 02 durosoft branco RD10000888360"},"content":{"rendered":"<p><strong>Caracteristicas:<\/strong><\/p>\n<div class=\"productinfo-characteristics__content productinfo-characteristics__content--active\">\n<p>\u2022 Material: Duroplast<br \/>\n\u2022 Cor: Branco<br \/>\n\u2022 Forma: Redonda<br \/>\n\u2022 Antibacteriano<br \/>\n\u2022 Fixa\u00e7\u00e3o topo &#8211; sistema de aperto superior<br \/>\n\u2022 Queda amortecida (soft-close)<br \/>\n\u2022 Certifica\u00e7\u00f5es: NF<br \/>\n\u2022 Dimens\u00e3o da caixa: 380x480x52mm<br \/>\n\u2022 Peso bruto do produto: 1.8 kg<\/p>\n<\/div>\n","protected":false},"excerpt":{"rendered":"<p class=\"productinfo-detail__category\">Tampos de sanita<\/p>\n<div class=\"productinfo-detail__paragraph\">\n<p>De linhas redondas, com materiais que conferem uma alta resist\u00eancia a impactos e, com propriedades antibacterianas que proporcionam um elevado grau de higiene, \u00e9 a solu\u00e7\u00e3o ideal para combinar com o modelo de sanita Lake suspensa.<\/p>\n<p>Conforto e durabilidade s\u00e3o fatores garantidos com este tampo que possui um sistema de queda amortecida que permite uma maior seguran\u00e7a, principalmente para as crian\u00e7as.<\/p>\n<p>O sistema de fixa\u00e7\u00e3o da tampa \u00e9 feito pela parte superior, tornando mais c\u00f3modo e r\u00e1pido o processo de montagem, com um ajuste r\u00e1pido e f\u00e1cil.<\/p>\n<p>A desmontagem \u00e9 simplificada pelo sistema \u201c<em>Quick Release<\/em>\u201d, permitindo uma boa limpeza do tampo e da respetiva sanita.<\/p>\n<\/div>\n","protected":false},"featured_media":8531,"template":"","meta":[],"product_cat":[176,181],"product_tag":[],"class_list":{"0":"post-8530","1":"product","2":"type-product","3":"status-publish","4":"has-post-thumbnail","6":"product_cat-suspensa","7":"product_cat-tampos","9":"first","10":"instock","11":"taxable","12":"shipping-taxable","13":"product-type-simple"},"_links":{"self":[{"href":"https:\/\/montael.com\/index.php?rest_route=\/wp\/v2\/product\/8530","targetHints":{"allow":["GET"]}}],"collection":[{"href":"https:\/\/montael.com\/index.php?rest_route=\/wp\/v2\/product"}],"about":[{"href":"https:\/\/montael.com\/index.php?rest_route=\/wp\/v2\/types\/product"}],"wp:featuredmedia":[{"embeddable":true,"href":"https:\/\/montael.com\/index.php?rest_route=\/wp\/v2\/media\/8531"}],"wp:attachment":[{"href":"https:\/\/montael.com\/index.php?rest_route=%2Fwp%2Fv2%2Fmedia&parent=8530"}],"wp:term":[{"taxonomy":"product_cat","embeddable":true,"href":"https:\/\/montael.com\/index.php?rest_route=%2Fwp%2Fv2%2Fproduct_cat&post=8530"},{"taxonomy":"product_tag","embeddable":true,"href":"https:\/\/montael.com\/index.php?rest_route=%2Fwp%2Fv2%2Fproduct_tag&post=8530"}],"curies":[{"name":"wp","href":"https:\/\/api.w.org\/{rel}","templated":true}]}}