

{"id":8511,"date":"2024-07-02T17:21:56","date_gmt":"2024-07-02T17:21:56","guid":{"rendered":"https:\/\/montael.com\/new_site\/?post_type=product&#038;p=8511"},"modified":"2025-02-24T17:52:17","modified_gmt":"2025-02-24T17:52:17","slug":"cube-bide-compacto-ub2040-branco","status":"publish","type":"product","link":"https:\/\/montael.com\/?product=cube-bide-compacto-ub2040-branco","title":{"rendered":"Cube bide compacto UB2040 branco"},"content":{"rendered":"<p><b>Caracter\u00edsticas:<\/b><\/p>\n<ul>\n<li>Medida: 505(L)*360(C)*400(A)<\/li>\n<\/ul>\n<p>Inclui:<\/p>\n<ul>\n<li>Parafusos de p\u00e9 inclu\u00eddos<\/li>\n<\/ul>\n","protected":false},"excerpt":{"rendered":"<p>Caracter\u00edsticas: Medida: 505(L)*360(C)*400(A) Inclui: Parafusos de p\u00e9 inclu\u00eddos<\/p>\n","protected":false},"featured_media":8515,"template":"","meta":[],"product_cat":[300,174,177],"product_tag":[],"class_list":{"0":"post-8511","1":"product","2":"type-product","3":"status-publish","4":"has-post-thumbnail","6":"product_cat-bides-compactos","7":"product_cat-louca-sanitaria","8":"product_cat-nor","10":"first","11":"instock","12":"taxable","13":"shipping-taxable","14":"product-type-simple"},"_links":{"self":[{"href":"https:\/\/montael.com\/index.php?rest_route=\/wp\/v2\/product\/8511","targetHints":{"allow":["GET"]}}],"collection":[{"href":"https:\/\/montael.com\/index.php?rest_route=\/wp\/v2\/product"}],"about":[{"href":"https:\/\/montael.com\/index.php?rest_route=\/wp\/v2\/types\/product"}],"wp:featuredmedia":[{"embeddable":true,"href":"https:\/\/montael.com\/index.php?rest_route=\/wp\/v2\/media\/8515"}],"wp:attachment":[{"href":"https:\/\/montael.com\/index.php?rest_route=%2Fwp%2Fv2%2Fmedia&parent=8511"}],"wp:term":[{"taxonomy":"product_cat","embeddable":true,"href":"https:\/\/montael.com\/index.php?rest_route=%2Fwp%2Fv2%2Fproduct_cat&post=8511"},{"taxonomy":"product_tag","embeddable":true,"href":"https:\/\/montael.com\/index.php?rest_route=%2Fwp%2Fv2%2Fproduct_tag&post=8511"}],"curies":[{"name":"wp","href":"https:\/\/api.w.org\/{rel}","templated":true}]}}