

{"id":8442,"date":"2024-07-01T16:44:56","date_gmt":"2024-07-01T16:44:56","guid":{"rendered":"https:\/\/montael.com\/new_site\/?post_type=product&#038;p=8442"},"modified":"2025-02-21T17:34:31","modified_gmt":"2025-02-21T17:34:31","slug":"espelho-unibath-lux-120x80-ub1014-com-touch-e-desembaciador","status":"publish","type":"product","link":"https:\/\/montael.com\/?product=espelho-unibath-lux-120x80-ub1014-com-touch-e-desembaciador","title":{"rendered":"Espelho Lux 120&#215;80 UB1014 com touch e desembaciador"},"content":{"rendered":"<p><b>Caracter\u00edsticas:<\/b><\/p>\n<ul>\n<li>Espelho com ilumina\u00e7\u00e3o de fundo<\/li>\n<li>Sensor duplo ON\/OFF e anti- embaciamento<\/li>\n<li>LED com mudan\u00e7a de temperatura de cor 2700k-6500k<\/li>\n<li>Placa anti-embaciamento<\/li>\n<li>220-240V 50Hz<\/li>\n<li>certificado CE, IP44<\/li>\n<\/ul>\n","protected":false},"excerpt":{"rendered":"<p>Caracter\u00edsticas: Espelho com ilumina\u00e7\u00e3o de fundo Sensor duplo ON\/OFF e anti- embaciamento LED com mudan\u00e7a de temperatura de cor 2700k-6500k Placa anti-embaciamento 220-240V 50Hz certificado CE, IP44<\/p>\n","protected":false},"featured_media":8488,"template":"","meta":[],"product_cat":[221,217],"product_tag":[],"class_list":{"0":"post-8442","1":"product","2":"type-product","3":"status-publish","4":"has-post-thumbnail","6":"product_cat-espelhos","7":"product_cat-moveis-casa-banho","9":"first","10":"instock","11":"featured","12":"taxable","13":"shipping-taxable","14":"product-type-simple"},"_links":{"self":[{"href":"https:\/\/montael.com\/index.php?rest_route=\/wp\/v2\/product\/8442","targetHints":{"allow":["GET"]}}],"collection":[{"href":"https:\/\/montael.com\/index.php?rest_route=\/wp\/v2\/product"}],"about":[{"href":"https:\/\/montael.com\/index.php?rest_route=\/wp\/v2\/types\/product"}],"wp:featuredmedia":[{"embeddable":true,"href":"https:\/\/montael.com\/index.php?rest_route=\/wp\/v2\/media\/8488"}],"wp:attachment":[{"href":"https:\/\/montael.com\/index.php?rest_route=%2Fwp%2Fv2%2Fmedia&parent=8442"}],"wp:term":[{"taxonomy":"product_cat","embeddable":true,"href":"https:\/\/montael.com\/index.php?rest_route=%2Fwp%2Fv2%2Fproduct_cat&post=8442"},{"taxonomy":"product_tag","embeddable":true,"href":"https:\/\/montael.com\/index.php?rest_route=%2Fwp%2Fv2%2Fproduct_tag&post=8442"}],"curies":[{"name":"wp","href":"https:\/\/api.w.org\/{rel}","templated":true}]}}