

{"id":8395,"date":"2024-07-01T13:50:56","date_gmt":"2024-07-01T13:50:56","guid":{"rendered":"https:\/\/montael.com\/new_site\/?post_type=product&#038;p=8395"},"modified":"2025-02-18T14:06:57","modified_gmt":"2025-02-18T14:06:57","slug":"elemento-encastravel-1-2%e2%80%b3-23571000","status":"publish","type":"product","link":"https:\/\/montael.com\/?product=elemento-encastravel-1-2%e2%80%b3-23571000","title":{"rendered":"ELEMENTO ENCASTR\u00c1VEL 1\/2\u2033 23571000"},"content":{"rendered":"<p dir=\"ltr\" data-placeholder=\"Tradu\u00e7\u00e3o\" aria-label=\"Texto traduzido\" data-ved=\"2ahUKEwjh4KHixt-FAxUuBdsEHYLLA8QQ3ewLegQIExAU\"><strong>Caracter\u00edsticas:<\/strong><\/p>\n<p dir=\"ltr\" data-placeholder=\"Tradu\u00e7\u00e3o\" aria-label=\"Texto traduzido\" data-ved=\"2ahUKEwjh4KHixt-FAxUuBdsEHYLLA8QQ3ewLegQIExAU\">\u2022Para monocomando de lavat\u00f3rio (2 furos)<br \/>\n\u2022 Cartucho de discos cer\u00e2micos GROHE SilkMove 35 mm<br \/>\n\u2022 Limitador ecol\u00f3gico de caudal<br \/>\n\u2022 Com limitador ecol\u00f3gico de temperatura<br \/>\n\u2022 Bica posicionada \u00e0 direita ou esquerda<br \/>\n\u2022 Permite a impermeabiliza\u00e7\u00e3o da constru\u00e7\u00e3o da parede em redor do<br \/>\ncorpo<br \/>\n\u2022 Com manga de veda\u00e7\u00e3o<\/p>\n","protected":false},"excerpt":{"rendered":"<div class=\"product-box__tableRow\">\n<div class=\"product-box__tableCell product-box__tableCell--label\">\n<div class=\"product-box__tableRow\">\n<div class=\"product-box__tableCell product-box__tableCell--label\">\n<div class=\"product-box__tableRow\">\n<div class=\"product-box__tableCell product-box__tableCell--label\">\n<div class=\"product-box__tableRow\">\n<div class=\"product-box__tableCell product-box__tableCell--label\">\n<div class=\"product-box__tableRow\">\n<div class=\"product-box__tableCell product-box__tableCell--label\">\n<div class=\"product-box__tableRow\">\n<div class=\"product-box__tableCell product-box__tableCell--label\">N\u00famero do produto | 23571000<\/div>\n<\/div>\n<div class=\"product-box__tableRow\">\n<div class=\"product-box__tableCell product-box__tableCell--label\">EAN | 4005176334276<\/div>\n<\/div>\n<\/div>\n<\/div>\n<\/div>\n<\/div>\n<\/div>\n<\/div>\n<\/div>\n<\/div>\n<\/div>\n<\/div>\n","protected":false},"featured_media":8398,"template":"","meta":[],"product_cat":[191,192],"product_tag":[],"class_list":{"0":"post-8395","1":"product","2":"type-product","3":"status-publish","4":"has-post-thumbnail","6":"product_cat-torneiras","7":"product_cat-lavatorio","9":"first","10":"instock","11":"taxable","12":"shipping-taxable","13":"product-type-simple"},"_links":{"self":[{"href":"https:\/\/montael.com\/index.php?rest_route=\/wp\/v2\/product\/8395","targetHints":{"allow":["GET"]}}],"collection":[{"href":"https:\/\/montael.com\/index.php?rest_route=\/wp\/v2\/product"}],"about":[{"href":"https:\/\/montael.com\/index.php?rest_route=\/wp\/v2\/types\/product"}],"wp:featuredmedia":[{"embeddable":true,"href":"https:\/\/montael.com\/index.php?rest_route=\/wp\/v2\/media\/8398"}],"wp:attachment":[{"href":"https:\/\/montael.com\/index.php?rest_route=%2Fwp%2Fv2%2Fmedia&parent=8395"}],"wp:term":[{"taxonomy":"product_cat","embeddable":true,"href":"https:\/\/montael.com\/index.php?rest_route=%2Fwp%2Fv2%2Fproduct_cat&post=8395"},{"taxonomy":"product_tag","embeddable":true,"href":"https:\/\/montael.com\/index.php?rest_route=%2Fwp%2Fv2%2Fproduct_tag&post=8395"}],"curies":[{"name":"wp","href":"https:\/\/api.w.org\/{rel}","templated":true}]}}