

{"id":8343,"date":"2024-06-04T16:34:34","date_gmt":"2024-06-04T16:34:34","guid":{"rendered":"https:\/\/montael.com\/new_site\/?post_type=product&#038;p=8343"},"modified":"2025-06-09T15:42:44","modified_gmt":"2025-06-09T14:42:44","slug":"vidro-escuro-para-maquina-de-soldar-de-mao","status":"publish","type":"product","link":"https:\/\/montael.com\/?product=vidro-escuro-para-maquina-de-soldar-de-mao","title":{"rendered":"Vidro Escuro para M\u00e1quina de Soldar de M\u00e3o"},"content":{"rendered":"<p class=\"text-cinzento-300 mt-7 text-sm leading-descricao line-clamp-6\">Vidro Escuro para M\u00e1scara de Soldar de M\u00e3o com uma dimens\u00e3o de 107 x 51 mm, para um trabalho seguro e com qualidade.<\/p>\n<p><strong>Caracter\u00edsticas:<\/strong><\/p>\n<ul class=\"list-disc ml-5 mt-3\">\n<li>Vidro escuro para m\u00e1scara de soldar de m\u00e3o.<\/li>\n<\/ul>\n","protected":false},"excerpt":{"rendered":"<p>Marca: Vito<\/p>\n","protected":false},"featured_media":8344,"template":"","meta":[],"product_cat":[233,340],"product_tag":[],"class_list":{"0":"post-8343","1":"product","2":"type-product","3":"status-publish","4":"has-post-thumbnail","6":"product_cat-seguranca","7":"product_cat-protecao-facial","8":"ts_product_brand-vito","10":"first","11":"instock","12":"taxable","13":"shipping-taxable","14":"product-type-simple"},"_links":{"self":[{"href":"https:\/\/montael.com\/index.php?rest_route=\/wp\/v2\/product\/8343","targetHints":{"allow":["GET"]}}],"collection":[{"href":"https:\/\/montael.com\/index.php?rest_route=\/wp\/v2\/product"}],"about":[{"href":"https:\/\/montael.com\/index.php?rest_route=\/wp\/v2\/types\/product"}],"wp:featuredmedia":[{"embeddable":true,"href":"https:\/\/montael.com\/index.php?rest_route=\/wp\/v2\/media\/8344"}],"wp:attachment":[{"href":"https:\/\/montael.com\/index.php?rest_route=%2Fwp%2Fv2%2Fmedia&parent=8343"}],"wp:term":[{"taxonomy":"product_cat","embeddable":true,"href":"https:\/\/montael.com\/index.php?rest_route=%2Fwp%2Fv2%2Fproduct_cat&post=8343"},{"taxonomy":"product_tag","embeddable":true,"href":"https:\/\/montael.com\/index.php?rest_route=%2Fwp%2Fv2%2Fproduct_tag&post=8343"}],"curies":[{"name":"wp","href":"https:\/\/api.w.org\/{rel}","templated":true}]}}