

{"id":8317,"date":"2024-06-04T16:02:26","date_gmt":"2024-06-04T16:02:26","guid":{"rendered":"https:\/\/montael.com\/new_site\/?post_type=product&#038;p=8317"},"modified":"2025-06-09T15:47:36","modified_gmt":"2025-06-09T14:47:36","slug":"fato-para-chuva-em-nylon","status":"publish","type":"product","link":"https:\/\/montael.com\/?product=fato-para-chuva-em-nylon","title":{"rendered":"Fato para Chuva em Nylon"},"content":{"rendered":"<p class=\"text-cinzento-300 mt-7 text-sm leading-descricao\">Fato para Chuva, com uma classifica\u00e7\u00e3o de seguran\u00e7a CAT.1, tem uma espessura de 0,18mm, para que possa realizar todas as suas tarefas, mesmo quando o clima n\u00e3o ajuda.<\/p>\n<p><strong>Caracter\u00edsticas:<\/strong><\/p>\n<ul>\n<li>Espessura: 0,18 mm<\/li>\n<li>Composi\u00e7\u00e3o: 60% Poli\u00e9ster, 40% PVC;<\/li>\n<li>Categoria de prote\u00e7\u00e3o: Cat. I;<\/li>\n<li>Fecho de correr dianteiro;<\/li>\n<li>Costuras seladas;<\/li>\n<li>Punhos interiores el\u00e1sticos;<\/li>\n<li>Dois bolsos frontais com bot\u00e3o de mola;<\/li>\n<li>Cintura el\u00e1stica;<\/li>\n<li>Parte inferior das cal\u00e7as ajust\u00e1vel com bot\u00e3o de mola.<\/li>\n<\/ul>\n","protected":false},"excerpt":{"rendered":"<ul>\n<li>Cor: Azul<\/li>\n<li>Dispon\u00edvel do tamanho L ao XXL<\/li>\n<\/ul>\n<p>Marca: Vito<\/p>\n","protected":false},"featured_media":8318,"template":"","meta":[],"product_cat":[233,248],"product_tag":[],"class_list":{"0":"post-8317","1":"product","2":"type-product","3":"status-publish","4":"has-post-thumbnail","6":"product_cat-seguranca","7":"product_cat-vestuario","8":"ts_product_brand-vito","10":"first","11":"instock","12":"taxable","13":"shipping-taxable","14":"product-type-simple"},"_links":{"self":[{"href":"https:\/\/montael.com\/index.php?rest_route=\/wp\/v2\/product\/8317","targetHints":{"allow":["GET"]}}],"collection":[{"href":"https:\/\/montael.com\/index.php?rest_route=\/wp\/v2\/product"}],"about":[{"href":"https:\/\/montael.com\/index.php?rest_route=\/wp\/v2\/types\/product"}],"wp:featuredmedia":[{"embeddable":true,"href":"https:\/\/montael.com\/index.php?rest_route=\/wp\/v2\/media\/8318"}],"wp:attachment":[{"href":"https:\/\/montael.com\/index.php?rest_route=%2Fwp%2Fv2%2Fmedia&parent=8317"}],"wp:term":[{"taxonomy":"product_cat","embeddable":true,"href":"https:\/\/montael.com\/index.php?rest_route=%2Fwp%2Fv2%2Fproduct_cat&post=8317"},{"taxonomy":"product_tag","embeddable":true,"href":"https:\/\/montael.com\/index.php?rest_route=%2Fwp%2Fv2%2Fproduct_tag&post=8317"}],"curies":[{"name":"wp","href":"https:\/\/api.w.org\/{rel}","templated":true}]}}