

{"id":8300,"date":"2024-06-04T15:37:51","date_gmt":"2024-06-04T15:37:51","guid":{"rendered":"https:\/\/montael.com\/new_site\/?post_type=product&#038;p=8300"},"modified":"2025-06-09T15:51:32","modified_gmt":"2025-06-09T14:51:32","slug":"luva-de-trabalho-em-couro","status":"publish","type":"product","link":"https:\/\/montael.com\/?product=luva-de-trabalho-em-couro","title":{"rendered":"Luva de Trabalho em Couro"},"content":{"rendered":"<p class=\"text-cinzento-300 mt-7 text-sm leading-descricao line-clamp-6\">Luva de Trabalho em Couro, com Punho de seguran\u00e7a com Revestimento refor\u00e7ado em tela, para realizar as tarefas necess\u00e1rias sempre com qualidade e seguran\u00e7a.<\/p>\n<p><strong>Caracter\u00edsticas:<\/strong><\/p>\n<ul class=\"list-disc ml-5 mt-3\">\n<li>Em couro, estas luvas s\u00e3o recomendadas para constru\u00e7\u00e3o civil, ind\u00fastria metal\u00fargica, mec\u00e2nica e cargas e descargas.<\/li>\n<li>Com punho de seguran\u00e7a com revestimento refor\u00e7ado em tela e dorso respir\u00e1vel.<\/li>\n<\/ul>\n","protected":false},"excerpt":{"rendered":"<p>Marca: Vito<\/p>\n","protected":false},"featured_media":8301,"template":"","meta":[],"product_cat":[233,245],"product_tag":[],"class_list":{"0":"post-8300","1":"product","2":"type-product","3":"status-publish","4":"has-post-thumbnail","6":"product_cat-seguranca","7":"product_cat-luvas","8":"ts_product_brand-vito","10":"first","11":"instock","12":"taxable","13":"shipping-taxable","14":"product-type-simple"},"_links":{"self":[{"href":"https:\/\/montael.com\/index.php?rest_route=\/wp\/v2\/product\/8300","targetHints":{"allow":["GET"]}}],"collection":[{"href":"https:\/\/montael.com\/index.php?rest_route=\/wp\/v2\/product"}],"about":[{"href":"https:\/\/montael.com\/index.php?rest_route=\/wp\/v2\/types\/product"}],"wp:featuredmedia":[{"embeddable":true,"href":"https:\/\/montael.com\/index.php?rest_route=\/wp\/v2\/media\/8301"}],"wp:attachment":[{"href":"https:\/\/montael.com\/index.php?rest_route=%2Fwp%2Fv2%2Fmedia&parent=8300"}],"wp:term":[{"taxonomy":"product_cat","embeddable":true,"href":"https:\/\/montael.com\/index.php?rest_route=%2Fwp%2Fv2%2Fproduct_cat&post=8300"},{"taxonomy":"product_tag","embeddable":true,"href":"https:\/\/montael.com\/index.php?rest_route=%2Fwp%2Fv2%2Fproduct_tag&post=8300"}],"curies":[{"name":"wp","href":"https:\/\/api.w.org\/{rel}","templated":true}]}}