

{"id":8288,"date":"2024-06-04T15:15:56","date_gmt":"2024-06-04T15:15:56","guid":{"rendered":"https:\/\/montael.com\/new_site\/?post_type=product&#038;p=8288"},"modified":"2025-06-09T15:57:34","modified_gmt":"2025-06-09T14:57:34","slug":"mascara-de-soldar-de-mao","status":"publish","type":"product","link":"https:\/\/montael.com\/?product=mascara-de-soldar-de-mao","title":{"rendered":"M\u00e1scara de Soldar de M\u00e3o"},"content":{"rendered":"<p class=\"text-cinzento-300 mt-7 text-sm leading-descricao\">M\u00e1scara de Soldar de M\u00e3o feita em polipropileno, com um ecr\u00e3 em vidro, com um tamanho das lentes de 108 x 51 mm, com uma pega inclinada inclu\u00edda.<\/p>\n<p><strong>Caracter\u00edsticas:<\/strong><\/p>\n<ul class=\"list-disc ml-5 mt-3\">\n<li>M\u00e1scara de soldar de m\u00e3o com ecr\u00e3 com filtro em vidro, que visa a seguran\u00e7a e prote\u00e7\u00e3o do utilizador.<\/li>\n<li>Inclui pega inclinada.<\/li>\n<li>Tamanho das lentes: 108 x 51 mm.<\/li>\n<\/ul>\n","protected":false},"excerpt":{"rendered":"<p>Marca: Vito<\/p>\n","protected":false},"featured_media":8289,"template":"","meta":[],"product_cat":[233,340],"product_tag":[],"class_list":{"0":"post-8288","1":"product","2":"type-product","3":"status-publish","4":"has-post-thumbnail","6":"product_cat-seguranca","7":"product_cat-protecao-facial","8":"ts_product_brand-vito","10":"first","11":"instock","12":"taxable","13":"shipping-taxable","14":"product-type-simple"},"_links":{"self":[{"href":"https:\/\/montael.com\/index.php?rest_route=\/wp\/v2\/product\/8288","targetHints":{"allow":["GET"]}}],"collection":[{"href":"https:\/\/montael.com\/index.php?rest_route=\/wp\/v2\/product"}],"about":[{"href":"https:\/\/montael.com\/index.php?rest_route=\/wp\/v2\/types\/product"}],"wp:featuredmedia":[{"embeddable":true,"href":"https:\/\/montael.com\/index.php?rest_route=\/wp\/v2\/media\/8289"}],"wp:attachment":[{"href":"https:\/\/montael.com\/index.php?rest_route=%2Fwp%2Fv2%2Fmedia&parent=8288"}],"wp:term":[{"taxonomy":"product_cat","embeddable":true,"href":"https:\/\/montael.com\/index.php?rest_route=%2Fwp%2Fv2%2Fproduct_cat&post=8288"},{"taxonomy":"product_tag","embeddable":true,"href":"https:\/\/montael.com\/index.php?rest_route=%2Fwp%2Fv2%2Fproduct_tag&post=8288"}],"curies":[{"name":"wp","href":"https:\/\/api.w.org\/{rel}","templated":true}]}}