

{"id":8276,"date":"2024-06-04T14:47:59","date_gmt":"2024-06-04T14:47:59","guid":{"rendered":"https:\/\/montael.com\/new_site\/?post_type=product&#038;p=8276"},"modified":"2025-06-09T15:59:13","modified_gmt":"2025-06-09T14:59:13","slug":"alicate-cravar-ponteiras-05-6-mm2","status":"publish","type":"product","link":"https:\/\/montael.com\/?product=alicate-cravar-ponteiras-05-6-mm2","title":{"rendered":"Alicate Cravar Ponteiras 0,5-6 MM2"},"content":{"rendered":"<p><strong>Caracter\u00edsticas:<\/strong><\/p>\n<div class=\"v-col-md-8 v-col-12\" data-v-02110079=\"\">\n<div class=\"w-100\" data-v-02110079=\"\">\n<div data-v-02110079=\"\">\n<div class=\"pa-4 ma-4 caption\" data-v-02110079=\"\">\n<div class=\"v-col-md-8 v-col-12\" data-v-02110079=\"\">\n<div class=\"w-100\" data-v-02110079=\"\">\n<div data-v-02110079=\"\">\n<div class=\"pa-4 ma-4 caption\" data-v-02110079=\"\">\n<ul class=\"list-disc ml-5 mt-3\">\n<li>Tipo de ponteiras: isolados<\/li>\n<li>Alicate de cravar profissional<\/li>\n<li>Equipado com um sistema de roquete<\/li>\n<li>A press\u00e3o do roquete pode ser ajustada de acordo com as necessidades dos utilizadores<\/li>\n<li>Desbloqueio f\u00e1cil em caso de manipula\u00e7\u00e3o errada<\/li>\n<li>Corpo em a\u00e7o de carbono Mn65<\/li>\n<li>Punho em polipropileno. &#8211; Se\u00e7\u00e3o transversal do condutor: 0,5-6mm2;<\/li>\n<\/ul>\n<\/div>\n<\/div>\n<\/div>\n<\/div>\n<\/div>\n<\/div>\n<\/div>\n<\/div>\n","protected":false},"excerpt":{"rendered":"<p>Marca: Vito<\/p>\n","protected":false},"featured_media":8277,"template":"","meta":[],"product_cat":[252],"product_tag":[],"class_list":{"0":"post-8276","1":"product","2":"type-product","3":"status-publish","4":"has-post-thumbnail","6":"product_cat-manuais","7":"ts_product_brand-vito","9":"first","10":"instock","11":"taxable","12":"shipping-taxable","13":"product-type-simple"},"_links":{"self":[{"href":"https:\/\/montael.com\/index.php?rest_route=\/wp\/v2\/product\/8276","targetHints":{"allow":["GET"]}}],"collection":[{"href":"https:\/\/montael.com\/index.php?rest_route=\/wp\/v2\/product"}],"about":[{"href":"https:\/\/montael.com\/index.php?rest_route=\/wp\/v2\/types\/product"}],"wp:featuredmedia":[{"embeddable":true,"href":"https:\/\/montael.com\/index.php?rest_route=\/wp\/v2\/media\/8277"}],"wp:attachment":[{"href":"https:\/\/montael.com\/index.php?rest_route=%2Fwp%2Fv2%2Fmedia&parent=8276"}],"wp:term":[{"taxonomy":"product_cat","embeddable":true,"href":"https:\/\/montael.com\/index.php?rest_route=%2Fwp%2Fv2%2Fproduct_cat&post=8276"},{"taxonomy":"product_tag","embeddable":true,"href":"https:\/\/montael.com\/index.php?rest_route=%2Fwp%2Fv2%2Fproduct_tag&post=8276"}],"curies":[{"name":"wp","href":"https:\/\/api.w.org\/{rel}","templated":true}]}}