

{"id":8248,"date":"2024-06-04T13:30:25","date_gmt":"2024-06-04T13:30:25","guid":{"rendered":"https:\/\/montael.com\/new_site\/?post_type=product&#038;p=8248"},"modified":"2025-06-09T10:59:13","modified_gmt":"2025-06-09T09:59:13","slug":"piano-base-de-duche-800x800-c-antiderrapante-803620","status":"publish","type":"product","link":"https:\/\/montael.com\/?product=piano-base-de-duche-800x800-c-antiderrapante-803620","title":{"rendered":"Piano base de duche 800&#215;800 c\/ antiderrapante 803620"},"content":{"rendered":"<p><strong>Caracter\u00edsticas:<\/strong><\/p>\n<ul>\n<li>Cor: Branco<\/li>\n<li>Altura: 75mm<\/li>\n<li>Antiderrapante<\/li>\n<\/ul>\n","protected":false},"excerpt":{"rendered":"<ul>\n<li>V\u00e1lvula n\u00e3o inclu\u00edda<\/li>\n<\/ul>\n<p>Marca: Sanindusa<\/p>\n","protected":false},"featured_media":8249,"template":"","meta":[],"product_cat":[304,209,149],"product_tag":[],"class_list":{"0":"post-8248","1":"product","2":"type-product","3":"status-publish","4":"has-post-thumbnail","6":"product_cat-bases-de-chuveiro","7":"product_cat-acrilicas","8":"product_cat-casa-de-banho","9":"ts_product_brand-sanindusa","11":"first","12":"instock","13":"taxable","14":"shipping-taxable","15":"product-type-simple"},"_links":{"self":[{"href":"https:\/\/montael.com\/index.php?rest_route=\/wp\/v2\/product\/8248","targetHints":{"allow":["GET"]}}],"collection":[{"href":"https:\/\/montael.com\/index.php?rest_route=\/wp\/v2\/product"}],"about":[{"href":"https:\/\/montael.com\/index.php?rest_route=\/wp\/v2\/types\/product"}],"wp:featuredmedia":[{"embeddable":true,"href":"https:\/\/montael.com\/index.php?rest_route=\/wp\/v2\/media\/8249"}],"wp:attachment":[{"href":"https:\/\/montael.com\/index.php?rest_route=%2Fwp%2Fv2%2Fmedia&parent=8248"}],"wp:term":[{"taxonomy":"product_cat","embeddable":true,"href":"https:\/\/montael.com\/index.php?rest_route=%2Fwp%2Fv2%2Fproduct_cat&post=8248"},{"taxonomy":"product_tag","embeddable":true,"href":"https:\/\/montael.com\/index.php?rest_route=%2Fwp%2Fv2%2Fproduct_tag&post=8248"}],"curies":[{"name":"wp","href":"https:\/\/api.w.org\/{rel}","templated":true}]}}