

{"id":8244,"date":"2024-06-04T13:21:40","date_gmt":"2024-06-04T13:21:40","guid":{"rendered":"https:\/\/montael.com\/new_site\/?post_type=product&#038;p=8244"},"modified":"2025-06-09T11:10:23","modified_gmt":"2025-06-09T10:10:23","slug":"piano-base-de-duche-1200x800-c-antiderrapante-803140","status":"publish","type":"product","link":"https:\/\/montael.com\/?product=piano-base-de-duche-1200x800-c-antiderrapante-803140","title":{"rendered":"Piano base de duche 1200&#215;800 c\/ antiderrapante 803140"},"content":{"rendered":"<p><strong>Caracter\u00edsticas:<\/strong><\/p>\n<ul>\n<li>Cor: Branco<\/li>\n<li>Altura: 75mm<\/li>\n<li>Peso: 14,5 Kg<\/li>\n<li>Antiderrapante<\/li>\n<\/ul>\n","protected":false},"excerpt":{"rendered":"<ul>\n<li>V\u00e1lvula n\u00e3o inclu\u00edda<\/li>\n<\/ul>\n<p>Marca: Sanindusa<\/p>\n","protected":false},"featured_media":7534,"template":"","meta":[],"product_cat":[209,149],"product_tag":[],"class_list":{"0":"post-8244","1":"product","2":"type-product","3":"status-publish","4":"has-post-thumbnail","6":"product_cat-acrilicas","7":"product_cat-casa-de-banho","8":"ts_product_brand-sanindusa","10":"first","11":"instock","12":"taxable","13":"shipping-taxable","14":"product-type-simple"},"_links":{"self":[{"href":"https:\/\/montael.com\/index.php?rest_route=\/wp\/v2\/product\/8244","targetHints":{"allow":["GET"]}}],"collection":[{"href":"https:\/\/montael.com\/index.php?rest_route=\/wp\/v2\/product"}],"about":[{"href":"https:\/\/montael.com\/index.php?rest_route=\/wp\/v2\/types\/product"}],"wp:featuredmedia":[{"embeddable":true,"href":"https:\/\/montael.com\/index.php?rest_route=\/wp\/v2\/media\/7534"}],"wp:attachment":[{"href":"https:\/\/montael.com\/index.php?rest_route=%2Fwp%2Fv2%2Fmedia&parent=8244"}],"wp:term":[{"taxonomy":"product_cat","embeddable":true,"href":"https:\/\/montael.com\/index.php?rest_route=%2Fwp%2Fv2%2Fproduct_cat&post=8244"},{"taxonomy":"product_tag","embeddable":true,"href":"https:\/\/montael.com\/index.php?rest_route=%2Fwp%2Fv2%2Fproduct_tag&post=8244"}],"curies":[{"name":"wp","href":"https:\/\/api.w.org\/{rel}","templated":true}]}}