

{"id":8232,"date":"2024-06-04T13:03:23","date_gmt":"2024-06-04T13:03:23","guid":{"rendered":"https:\/\/montael.com\/new_site\/?post_type=product&#038;p=8232"},"modified":"2025-06-06T17:09:02","modified_gmt":"2025-06-06T16:09:02","slug":"oli80-simflex-bound-cr01010880208","status":"publish","type":"product","link":"https:\/\/montael.com\/?product=oli80-simflex-bound-cr01010880208","title":{"rendered":"OLI80 SIMFLEX + BOUND CR01010880208"},"content":{"rendered":"<p><strong>Caracter\u00edsticas:<\/strong><\/p>\n<div class=\"productinfo-characteristics__content productinfo-characteristics__content--active\">\n<ul>\n<li>Autoclismo de dupla descarga 6\/3 litros (ajust\u00e1vel a 4.5\/3 litros);<\/li>\n<li>Tanque em polipropileno (PP), material extremamente resistente \u00e0 temperatura ambiente;<\/li>\n<li>Atua\u00e7\u00e3o Mec\u00e2nica;<\/li>\n<li>Algumas vers\u00f5es s\u00e3o certificadas segundo as normas: DIN\/BELGAQUA;<\/li>\n<li>Marca\u00e7\u00e3o CE: EN 14055;<\/li>\n<\/ul>\n<p><strong>Caracter\u00edsticas espec\u00edficas:<\/strong><\/p>\n<ul>\n<li>Compat\u00edvel com todos os tipos de sanita suspensa;<\/li>\n<li>Instala\u00e7\u00e3o em parede de alvenaria;<\/li>\n<li>Curva de esgoto \u00d8 90\/90;<\/li>\n<li>Adaptador \u00d8 90\/110;<\/li>\n<li>80mm de espessura.<\/li>\n<\/ul>\n<p><strong>Inclui<\/strong>:<\/p>\n<ul>\n<li>Tubo de descarga 260 mm;<\/li>\n<li>Kit de fixa\u00e7\u00e3o para alvenaria;<\/li>\n<li>Rede para facilitar a ades\u00e3o da argamassa;<\/li>\n<li>Torneira de esquadria G1\/2\u2019\u2019;<\/li>\n<li>Tubo de liga\u00e7\u00e3o \u00e0 sanita \u00d845;<\/li>\n<li>Material de fixa\u00e7\u00e3o da lou\u00e7a sanit\u00e1ria (quando aplic\u00e1vel).<\/li>\n<\/ul>\n<\/div>\n","protected":false},"excerpt":{"rendered":"<p>Estrutura para sanita suspensa + placa de descarga<\/p>\n<p>Marca: Oli<\/p>\n","protected":false},"featured_media":8231,"template":"","meta":[],"product_cat":[149,308,187],"product_tag":[],"class_list":{"0":"post-8232","1":"product","2":"type-product","3":"status-publish","4":"has-post-thumbnail","6":"product_cat-casa-de-banho","7":"product_cat-paredes-alvenaria","8":"product_cat-sistemas-de-instalacao","9":"ts_product_brand-oli","11":"first","12":"instock","13":"taxable","14":"shipping-taxable","15":"product-type-simple"},"_links":{"self":[{"href":"https:\/\/montael.com\/index.php?rest_route=\/wp\/v2\/product\/8232","targetHints":{"allow":["GET"]}}],"collection":[{"href":"https:\/\/montael.com\/index.php?rest_route=\/wp\/v2\/product"}],"about":[{"href":"https:\/\/montael.com\/index.php?rest_route=\/wp\/v2\/types\/product"}],"wp:featuredmedia":[{"embeddable":true,"href":"https:\/\/montael.com\/index.php?rest_route=\/wp\/v2\/media\/8231"}],"wp:attachment":[{"href":"https:\/\/montael.com\/index.php?rest_route=%2Fwp%2Fv2%2Fmedia&parent=8232"}],"wp:term":[{"taxonomy":"product_cat","embeddable":true,"href":"https:\/\/montael.com\/index.php?rest_route=%2Fwp%2Fv2%2Fproduct_cat&post=8232"},{"taxonomy":"product_tag","embeddable":true,"href":"https:\/\/montael.com\/index.php?rest_route=%2Fwp%2Fv2%2Fproduct_tag&post=8232"}],"curies":[{"name":"wp","href":"https:\/\/api.w.org\/{rel}","templated":true}]}}