

{"id":8204,"date":"2024-06-04T11:13:42","date_gmt":"2024-06-04T11:13:42","guid":{"rendered":"https:\/\/montael.com\/new_site\/?post_type=product&#038;p=8204"},"modified":"2025-06-06T17:14:45","modified_gmt":"2025-06-06T16:14:45","slug":"plain-cg26000070828","status":"publish","type":"product","link":"https:\/\/montael.com\/?product=plain-cg26000070828","title":{"rendered":"Placa descarga Plain CG26000070828"},"content":{"rendered":"<p>Placa em ABS para autoclismos interiores com um design minimalista que combina uma espessura reduzida (6,5 mm) com uma alta resist\u00eancia a choques e riscos. Ao contr\u00e1rio do seu nome, \u201cPLAIN\u201d destaca-se pela forma como distingue os bot\u00f5es de descarga, um bot\u00e3o c\u00f4ncavo e o outro convexo.<\/p>\n<p><strong>Caracter\u00edsticas:<\/strong><\/p>\n<ul>\n<li>Dupla descarga;<\/li>\n<li>Material: ABS (alta resist\u00eancia ao choque e aos riscos);<\/li>\n<li>Acionamento suave: &lt; 20N;<\/li>\n<li>Abertura e fecho da placa frontal por sistema de \u201cclick\u201d na lateral;<\/li>\n<li>6.5mm de espessura.<\/li>\n<\/ul>\n","protected":false},"excerpt":{"rendered":"<p>Placa de comando de descarga<\/p>\n<p>Cor da placa: cromado mate<\/p>\n<p>Marca: Oli<\/p>\n","protected":false},"featured_media":8205,"template":"","meta":[],"product_cat":[149,310,187],"product_tag":[],"class_list":{"0":"post-8204","1":"product","2":"type-product","3":"status-publish","4":"has-post-thumbnail","6":"product_cat-casa-de-banho","7":"product_cat-placas-de-comando-de-descarga","8":"product_cat-sistemas-de-instalacao","9":"ts_product_brand-oli","11":"first","12":"instock","13":"taxable","14":"shipping-taxable","15":"product-type-simple"},"_links":{"self":[{"href":"https:\/\/montael.com\/index.php?rest_route=\/wp\/v2\/product\/8204","targetHints":{"allow":["GET"]}}],"collection":[{"href":"https:\/\/montael.com\/index.php?rest_route=\/wp\/v2\/product"}],"about":[{"href":"https:\/\/montael.com\/index.php?rest_route=\/wp\/v2\/types\/product"}],"wp:featuredmedia":[{"embeddable":true,"href":"https:\/\/montael.com\/index.php?rest_route=\/wp\/v2\/media\/8205"}],"wp:attachment":[{"href":"https:\/\/montael.com\/index.php?rest_route=%2Fwp%2Fv2%2Fmedia&parent=8204"}],"wp:term":[{"taxonomy":"product_cat","embeddable":true,"href":"https:\/\/montael.com\/index.php?rest_route=%2Fwp%2Fv2%2Fproduct_cat&post=8204"},{"taxonomy":"product_tag","embeddable":true,"href":"https:\/\/montael.com\/index.php?rest_route=%2Fwp%2Fv2%2Fproduct_tag&post=8204"}],"curies":[{"name":"wp","href":"https:\/\/api.w.org\/{rel}","templated":true}]}}