

{"id":8203,"date":"2024-06-04T11:10:47","date_gmt":"2024-06-04T11:10:47","guid":{"rendered":"https:\/\/montael.com\/new_site\/?post_type=product&#038;p=8203"},"modified":"2025-06-06T17:15:16","modified_gmt":"2025-06-06T16:15:16","slug":"iplate-cg28000013586","status":"publish","type":"product","link":"https:\/\/montael.com\/?product=iplate-cg28000013586","title":{"rendered":"Placa descarga IPlate CG28000013586"},"content":{"rendered":"<p><strong>Caracter\u00edsticas:<\/strong><\/p>\n<ul>\n<li>Placa de acionamento de descarga dupla.<\/li>\n<li>Este produto possui as seguintes medidas: 24 cm de largura x 0,6 cm de profundidade x 15 cm de altura.<\/li>\n<li>Fabricada em ABS com alta resist\u00eancia \u00e0 marcas e arranh\u00f5es.<\/li>\n<li>Acionamento mec\u00e2nico com uma for\u00e7a de &lt;20 N.<\/li>\n<li>Disp\u00f5e de dois bot\u00f5es, um para meia descarga e outro para descarga completa.<\/li>\n<li>De f\u00e1cil limpeza.<\/li>\n<\/ul>\n","protected":false},"excerpt":{"rendered":"<p>Placa de comando de descarga<\/p>\n<p>Cor da placa: cromado<\/p>\n<p>Marca: Oli<\/p>\n","protected":false},"featured_media":8202,"template":"","meta":[],"product_cat":[149,310,187],"product_tag":[],"class_list":{"0":"post-8203","1":"product","2":"type-product","3":"status-publish","4":"has-post-thumbnail","6":"product_cat-casa-de-banho","7":"product_cat-placas-de-comando-de-descarga","8":"product_cat-sistemas-de-instalacao","9":"ts_product_brand-oli","11":"first","12":"instock","13":"taxable","14":"shipping-taxable","15":"product-type-simple"},"_links":{"self":[{"href":"https:\/\/montael.com\/index.php?rest_route=\/wp\/v2\/product\/8203","targetHints":{"allow":["GET"]}}],"collection":[{"href":"https:\/\/montael.com\/index.php?rest_route=\/wp\/v2\/product"}],"about":[{"href":"https:\/\/montael.com\/index.php?rest_route=\/wp\/v2\/types\/product"}],"wp:featuredmedia":[{"embeddable":true,"href":"https:\/\/montael.com\/index.php?rest_route=\/wp\/v2\/media\/8202"}],"wp:attachment":[{"href":"https:\/\/montael.com\/index.php?rest_route=%2Fwp%2Fv2%2Fmedia&parent=8203"}],"wp:term":[{"taxonomy":"product_cat","embeddable":true,"href":"https:\/\/montael.com\/index.php?rest_route=%2Fwp%2Fv2%2Fproduct_cat&post=8203"},{"taxonomy":"product_tag","embeddable":true,"href":"https:\/\/montael.com\/index.php?rest_route=%2Fwp%2Fv2%2Fproduct_tag&post=8203"}],"curies":[{"name":"wp","href":"https:\/\/api.w.org\/{rel}","templated":true}]}}