

{"id":8182,"date":"2024-06-03T11:58:41","date_gmt":"2024-06-03T11:58:41","guid":{"rendered":"https:\/\/montael.com\/new_site\/?post_type=product&#038;p=8182"},"modified":"2025-06-06T17:17:36","modified_gmt":"2025-06-06T16:17:36","slug":"globe-cg47000152950","status":"publish","type":"product","link":"https:\/\/montael.com\/?product=globe-cg47000152950","title":{"rendered":"Placa descarga Globe CG47000152950"},"content":{"rendered":"<p>Arredondada e cl\u00e1ssica. A GLOBE permite distinguir facilmente a descarga completa da meia descarga e assegura uma consist\u00eancia circular com o espa\u00e7o envolvente da decora\u00e7\u00e3o da casa de banho.<\/p>\n<p><strong>Caracter\u00edsticas:<\/strong><\/p>\n<ul>\n<li>Dupla descarga;<\/li>\n<li>Material: ABS (alta resist\u00eancia ao choque e aos riscos);<\/li>\n<li>Acionamento suave: &lt; 20N;<\/li>\n<li>Abertura e fecho da placa frontal por sistema de \u201cclick\u201d na lateral;<\/li>\n<li>6.5mm de espessura.<\/li>\n<\/ul>\n","protected":false},"excerpt":{"rendered":"<p>Placa de comando de descarga<\/p>\n<p>Cor da placa: cromado<\/p>\n<p>Marca: Oli<\/p>\n","protected":false},"featured_media":8183,"template":"","meta":[],"product_cat":[149,310,187],"product_tag":[],"class_list":{"0":"post-8182","1":"product","2":"type-product","3":"status-publish","4":"has-post-thumbnail","6":"product_cat-casa-de-banho","7":"product_cat-placas-de-comando-de-descarga","8":"product_cat-sistemas-de-instalacao","9":"ts_product_brand-oli","11":"first","12":"instock","13":"taxable","14":"shipping-taxable","15":"product-type-simple"},"_links":{"self":[{"href":"https:\/\/montael.com\/index.php?rest_route=\/wp\/v2\/product\/8182","targetHints":{"allow":["GET"]}}],"collection":[{"href":"https:\/\/montael.com\/index.php?rest_route=\/wp\/v2\/product"}],"about":[{"href":"https:\/\/montael.com\/index.php?rest_route=\/wp\/v2\/types\/product"}],"wp:featuredmedia":[{"embeddable":true,"href":"https:\/\/montael.com\/index.php?rest_route=\/wp\/v2\/media\/8183"}],"wp:attachment":[{"href":"https:\/\/montael.com\/index.php?rest_route=%2Fwp%2Fv2%2Fmedia&parent=8182"}],"wp:term":[{"taxonomy":"product_cat","embeddable":true,"href":"https:\/\/montael.com\/index.php?rest_route=%2Fwp%2Fv2%2Fproduct_cat&post=8182"},{"taxonomy":"product_tag","embeddable":true,"href":"https:\/\/montael.com\/index.php?rest_route=%2Fwp%2Fv2%2Fproduct_tag&post=8182"}],"curies":[{"name":"wp","href":"https:\/\/api.w.org\/{rel}","templated":true}]}}