

{"id":8145,"date":"2024-06-03T09:17:45","date_gmt":"2024-06-03T09:17:45","guid":{"rendered":"https:\/\/montael.com\/new_site\/?post_type=product&#038;p=8145"},"modified":"2025-06-06T17:25:31","modified_gmt":"2025-06-06T16:25:31","slug":"rain-misturadora-de-bide-oa10000000051","status":"publish","type":"product","link":"https:\/\/montael.com\/?product=rain-misturadora-de-bide-oa10000000051","title":{"rendered":"Rain Misturadora de bid\u00e9 OA10000000051"},"content":{"rendered":"<p dir=\"ltr\" data-placeholder=\"Tradu\u00e7\u00e3o\" aria-label=\"Texto traduzido\" data-ved=\"2ahUKEwjh4KHixt-FAxUuBdsEHYLLA8QQ3ewLegQIExAU\">De linhas e acabamentos em redondo, a misturadora RAIN \u00e9 digna de qualquer espa\u00e7o de casa de banho com bom gosto.<\/p>\n<p dir=\"ltr\" data-placeholder=\"Tradu\u00e7\u00e3o\" aria-label=\"Texto traduzido\" data-ved=\"2ahUKEwjh4KHixt-FAxUuBdsEHYLLA8QQ3ewLegQIExAU\"><strong>Caracter\u00edsticas:<\/strong><\/p>\n<ul>\n<li>Cartucho cer\u00e2mico \u00d835mm;<\/li>\n<li>Perlator em a\u00e7o inox, anticalc\u00e1rio e silencioso;<\/li>\n<li>Material: Lat\u00e3o;<\/li>\n<li>Acabamento Cromado.<\/li>\n<\/ul>\n<p><strong>Inclui:<\/strong><\/p>\n<ul>\n<li>Acess\u00f3rios de instala\u00e7\u00e3o;<\/li>\n<li>Liga\u00e7\u00f5es flex\u00edveis.<\/li>\n<\/ul>\n","protected":false},"excerpt":{"rendered":"<div class=\"product-box__tableCell product-box__tableCell--label\">\n<div class=\"product-box__tableRow\">\n<div class=\"product-box__tableCell product-box__tableCell--label\">N\u00famero do produto | OA10000000051<\/div>\n<\/div>\n<div class=\"product-box__tableRow\">\n<div class=\"product-box__tableCell product-box__tableCell--label product-box__color\">Cor | <span class=\"color-bubble\"><img decoding=\"async\" class=\"23330001\" title=\"cromado\" src=\"https:\/\/cdn.cloud.grohe.com\/Web\/colour_plates\/36x36\/000.png\" \/> <\/span><strong>cromado<\/strong><\/div>\n<div>Marca: Oli<\/div>\n<\/div>\n<\/div>\n","protected":false},"featured_media":8147,"template":"","meta":[],"product_cat":[191,196],"product_tag":[],"class_list":{"0":"post-8145","1":"product","2":"type-product","3":"status-publish","4":"has-post-thumbnail","6":"product_cat-torneiras","7":"product_cat-bide","8":"ts_product_brand-oli","10":"first","11":"instock","12":"taxable","13":"shipping-taxable","14":"product-type-simple"},"_links":{"self":[{"href":"https:\/\/montael.com\/index.php?rest_route=\/wp\/v2\/product\/8145","targetHints":{"allow":["GET"]}}],"collection":[{"href":"https:\/\/montael.com\/index.php?rest_route=\/wp\/v2\/product"}],"about":[{"href":"https:\/\/montael.com\/index.php?rest_route=\/wp\/v2\/types\/product"}],"wp:featuredmedia":[{"embeddable":true,"href":"https:\/\/montael.com\/index.php?rest_route=\/wp\/v2\/media\/8147"}],"wp:attachment":[{"href":"https:\/\/montael.com\/index.php?rest_route=%2Fwp%2Fv2%2Fmedia&parent=8145"}],"wp:term":[{"taxonomy":"product_cat","embeddable":true,"href":"https:\/\/montael.com\/index.php?rest_route=%2Fwp%2Fv2%2Fproduct_cat&post=8145"},{"taxonomy":"product_tag","embeddable":true,"href":"https:\/\/montael.com\/index.php?rest_route=%2Fwp%2Fv2%2Fproduct_tag&post=8145"}],"curies":[{"name":"wp","href":"https:\/\/api.w.org\/{rel}","templated":true}]}}