

{"id":8132,"date":"2024-06-03T08:47:32","date_gmt":"2024-06-03T08:47:32","guid":{"rendered":"https:\/\/montael.com\/new_site\/?post_type=product&#038;p=8132"},"modified":"2025-06-06T17:26:42","modified_gmt":"2025-06-06T16:26:42","slug":"oli74-plus-s90-sanitarblock-mecanico-cr11000883134","status":"publish","type":"product","link":"https:\/\/montael.com\/?product=oli74-plus-s90-sanitarblock-mecanico-cr11000883134","title":{"rendered":"OLI74 PLUS S90 SANITARBLOCK Mec\u00e2nico CR11000883134"},"content":{"rendered":"<p>OLI74 Plus S90 Sanitarblock \u00e9 compat\u00edvel com todas as sanitas suspensas e para todos os tipos de aplica\u00e7\u00e3o (em paredes de alvenaria, paredes ligeiras ou calha t\u00e9cnica). Faz parte da nossa gama \u201cPlus\u201d que permite poupar at\u00e9 9 litros de \u00e1gua por dia.<\/p>\n<p><strong>Caracter\u00edsticas:<\/strong><\/p>\n<ul>\n<li>Autoclismo de dupla descarga 6\/3 litros (ajust\u00e1vel a 4.5\/3 litros);<\/li>\n<li>Acionamentos dispon\u00edveis: Mec\u00e2nico; Pneum\u00e1tico ou Eletr\u00f3nico;<\/li>\n<li>Tanque em polipropileno (PP), material extremamente resistente \u00e0 temperatura ambiente;<\/li>\n<li>Torneira de boia PLUS, abertura retardada e silenciosa;<\/li>\n<li>Fornecido com isolamento anticondensa\u00e7\u00e3o e ac\u00fastico;<\/li>\n<li>Algumas vers\u00f5es s\u00e3o certificadas segundo as normas: SAI-WATERMARK\/UPC\/KIWA;<\/li>\n<li>Marca\u00e7\u00e3o CE: EN 14055;<\/li>\n<li>Classe \u00abA++\u00bb em termos de efici\u00eancia h\u00eddrica, em conformidade com as exig\u00eancias do organismo ANQIP.<\/li>\n<\/ul>\n<p><strong>Inclui:<\/strong><\/p>\n<ul>\n<li>Kit de fixa\u00e7\u00e3o para alvenaria;<\/li>\n<li>Torneira de esquadria G1\/2\u2019\u2019;<\/li>\n<li>Tubos de liga\u00e7\u00e3o \u00e0 sanita;<\/li>\n<li>Material de fixa\u00e7\u00e3o da lou\u00e7a sanit\u00e1ria (quando aplic\u00e1vel);<\/li>\n<li>Curva de esgoto \u00d890\/90 e adaptador \u00d890\/110 (quando aplic\u00e1vel)<\/li>\n<\/ul>\n","protected":false},"excerpt":{"rendered":"<p>Estrutura para sanita suspensa<\/p>\n<p>Marca: Oli<\/p>\n","protected":false},"featured_media":8134,"template":"","meta":[],"product_cat":[149,309,187],"product_tag":[],"class_list":{"0":"post-8132","1":"product","2":"type-product","3":"status-publish","4":"has-post-thumbnail","6":"product_cat-casa-de-banho","7":"product_cat-parede-tecnica","8":"product_cat-sistemas-de-instalacao","9":"ts_product_brand-oli","11":"first","12":"instock","13":"taxable","14":"shipping-taxable","15":"product-type-simple"},"_links":{"self":[{"href":"https:\/\/montael.com\/index.php?rest_route=\/wp\/v2\/product\/8132","targetHints":{"allow":["GET"]}}],"collection":[{"href":"https:\/\/montael.com\/index.php?rest_route=\/wp\/v2\/product"}],"about":[{"href":"https:\/\/montael.com\/index.php?rest_route=\/wp\/v2\/types\/product"}],"wp:featuredmedia":[{"embeddable":true,"href":"https:\/\/montael.com\/index.php?rest_route=\/wp\/v2\/media\/8134"}],"wp:attachment":[{"href":"https:\/\/montael.com\/index.php?rest_route=%2Fwp%2Fv2%2Fmedia&parent=8132"}],"wp:term":[{"taxonomy":"product_cat","embeddable":true,"href":"https:\/\/montael.com\/index.php?rest_route=%2Fwp%2Fv2%2Fproduct_cat&post=8132"},{"taxonomy":"product_tag","embeddable":true,"href":"https:\/\/montael.com\/index.php?rest_route=%2Fwp%2Fv2%2Fproduct_tag&post=8132"}],"curies":[{"name":"wp","href":"https:\/\/api.w.org\/{rel}","templated":true}]}}