

{"id":8128,"date":"2024-06-03T08:43:15","date_gmt":"2024-06-03T08:43:15","guid":{"rendered":"https:\/\/montael.com\/new_site\/?post_type=product&#038;p=8128"},"modified":"2025-06-06T17:27:03","modified_gmt":"2025-06-06T16:27:03","slug":"estrutura-de-urinol-sanitarblock-cc04000136179","status":"publish","type":"product","link":"https:\/\/montael.com\/?product=estrutura-de-urinol-sanitarblock-cc04000136179","title":{"rendered":"SANITARBLOCK CC04000136179"},"content":{"rendered":"<p><strong>Caracter\u00edsticas:<\/strong><\/p>\n<ul>\n<li>Estrutura para suporte de urin\u00f3is suspensos;<\/li>\n<li>Instala\u00e7\u00e3o em parede de alvenaria e parede ligeira ou de gesso cartonado;<\/li>\n<li>Espessura m\u00ednima de 90mm para instala\u00e7\u00e3o em calha t\u00e9cnica, esta medida ir\u00e1 depender sempre do\u00a0flux\u00f3metro a aplicar;<\/li>\n<li>F\u00e1cil e r\u00e1pida instala\u00e7\u00e3o com o sistema Fast-Fit;<\/li>\n<li>Estrutura testada para suportar at\u00e9 130kg;<\/li>\n<li>Altura regul\u00e1vel de 0 a 200 mm;<\/li>\n<li>Placas de suporte ajust\u00e1veis em altura;<\/li>\n<li>A caixa de pr\u00e9-instala\u00e7\u00e3o deve ser instalada antes da fase da parede acabada;<\/li>\n<li>Instala\u00e7\u00e3o feita por apenas uma pessoa, (sistema de bloqueio nos p\u00e9s);<\/li>\n<li>120mm de espessura.<\/li>\n<\/ul>\n<p><strong>Inclui:<\/strong><\/p>\n<ul>\n<li>Acess\u00f3rios de fixa\u00e7\u00e3o da estrutura;<\/li>\n<li>Curva de esgoto \u00d8 50\/50;<\/li>\n<li>Liga\u00e7\u00e3o G1\/2\u2019\u2019;<\/li>\n<li>Flex\u00edvel 1\/2\u2019\u2019.<\/li>\n<\/ul>\n","protected":false},"excerpt":{"rendered":"<p>Estrutura para urinol<\/p>\n<p>Marca: Oli<\/p>\n","protected":false},"featured_media":8130,"template":"","meta":[],"product_cat":[149,309,187],"product_tag":[],"class_list":{"0":"post-8128","1":"product","2":"type-product","3":"status-publish","4":"has-post-thumbnail","6":"product_cat-casa-de-banho","7":"product_cat-parede-tecnica","8":"product_cat-sistemas-de-instalacao","9":"ts_product_brand-oli","11":"first","12":"instock","13":"taxable","14":"shipping-taxable","15":"product-type-simple"},"_links":{"self":[{"href":"https:\/\/montael.com\/index.php?rest_route=\/wp\/v2\/product\/8128","targetHints":{"allow":["GET"]}}],"collection":[{"href":"https:\/\/montael.com\/index.php?rest_route=\/wp\/v2\/product"}],"about":[{"href":"https:\/\/montael.com\/index.php?rest_route=\/wp\/v2\/types\/product"}],"wp:featuredmedia":[{"embeddable":true,"href":"https:\/\/montael.com\/index.php?rest_route=\/wp\/v2\/media\/8130"}],"wp:attachment":[{"href":"https:\/\/montael.com\/index.php?rest_route=%2Fwp%2Fv2%2Fmedia&parent=8128"}],"wp:term":[{"taxonomy":"product_cat","embeddable":true,"href":"https:\/\/montael.com\/index.php?rest_route=%2Fwp%2Fv2%2Fproduct_cat&post=8128"},{"taxonomy":"product_tag","embeddable":true,"href":"https:\/\/montael.com\/index.php?rest_route=%2Fwp%2Fv2%2Fproduct_tag&post=8128"}],"curies":[{"name":"wp","href":"https:\/\/api.w.org\/{rel}","templated":true}]}}