

{"id":8123,"date":"2024-05-31T18:21:45","date_gmt":"2024-05-31T18:21:45","guid":{"rendered":"https:\/\/montael.com\/new_site\/?post_type=product&#038;p=8123"},"modified":"2025-06-09T14:56:45","modified_gmt":"2025-06-09T13:56:45","slug":"textil-armadura-textil","status":"publish","type":"product","link":"https:\/\/montael.com\/?product=textil-armadura-textil","title":{"rendered":"Textil | Armadura textil"},"content":{"rendered":"<div class=\"product-v4-detail\">\n<div class=\"product-v4-detail\">\n<div class=\"product-v4-detail\">\n<div class=\"product-v4-detail-content wysiwyg\">\n<div class=\"product-v4-detail\">\n<div class=\"product-v4-detail-content wysiwyg\">\n<p><b>TEXTIL\u00a0<\/b>\u00e9 uma armadura de refor\u00e7o de 60 gr. de Poli\u00e9ster n\u00e3o tecido e perfurado e revestido por pol\u00edmeros que se utiliza nos sistemas de impermeabiliza\u00e7\u00e3o base de poliuretano.<\/p>\n<p><b>Vantagens<\/b><br \/>\n. F\u00e1cil aplica\u00e7\u00e3o<br \/>\n. Altamente resistente<br \/>\n. Resistente aos raios UVA<br \/>\n. Aumenta coes\u00e3o das membranas dos sistemas do poliuretano<br \/>\n. Mant\u00e9m a elasticidade das membranas do poliuretano<\/p>\n<p><b>Aplica\u00e7\u00e3o<\/b><br \/>\nUtiliza-se como tecido de refor\u00e7o em combina\u00e7\u00e3o com a membrana imperme\u00e1vel de aplica\u00e7\u00e3o l\u00edquida do poliuretano.<br \/>\n\u2022 Pode-se aplicar localmente em juntas de paredes e Pavimentos, em juntas m\u00f3veis, em fissuras, em escorrimentos ou chamin\u00e9s, em sif\u00f5es de mangueiras, etc.<br \/>\n\u2022 Repara\u00e7\u00e3o de fissuras antes de aplicar as membranas imperme\u00e1veis do base de poliuretano.<br \/>\n\u2022 Selagem estanque de juntas m\u00f3veis antes da aplica\u00e7\u00e3o das membranas imperme\u00e1veis.<\/p>\n<\/div>\n<\/div>\n<div class=\"product-v4-detail\">\n<p class=\"product-v4-detail-title\"><i class=\"ic ic-v4-implementation\"><\/i><strong>\u00a0Coloca\u00e7\u00e3o em obra:<\/strong><\/p>\n<div class=\"product-v4-detail-content wysiwyg\">Refor\u00e7ar o sistema de impermeabiliza\u00e7\u00e3o com o\u00a0<b>TEXTIL\u00a0<\/b>em toda a superf\u00edcie a impermeabilizar, ou em zonas com problemas locais como juntas de paredes e Pavimentos, juntas m\u00f3veis, fissuras, escorrimentos, chamin\u00e9s, sif\u00f5es, mangueiras, etc. Quando a membrana impermeabilizante ainda estiver h\u00famida, aplicar as pe\u00e7as cortadas adequadamente de\u00a0<b>TEXTIL<\/b>, pressionar para que se encaixe e saturar outra vez com resina impermeabilizante suficiente.<br \/>\nRendimento<br \/>\nSe se aplica em toda a superf\u00edcie, deve-se calcular uma sobreposi\u00e7\u00e3o de 5 a 10 cm entre tiras de tecido.<\/div>\n<\/div>\n<\/div>\n<\/div>\n<\/div>\n<div class=\"product-v4-detail\">\n<div class=\"product-v4-detail-content wysiwyg\">\n<div class=\"product-v4-detail\">\n<div class=\"product-v4-detail-content wysiwyg\"><\/div>\n<\/div>\n<\/div>\n<\/div>\n<\/div>\n<p>&nbsp;<\/p>\n","protected":false},"excerpt":{"rendered":"<p>TEXTIL \u00e9 uma armadura de refor\u00e7o de 60 gr. de Poli\u00e9ster n\u00e3o tecido e perfurado e revestido por pol\u00edmeros que se utiliza nos sistemas de impermeabiliza\u00e7\u00e3o base de poliuretano.<\/p>\n<p><strong>Rolo 50&#215;0.20m | 10 m2 = 5,70\u20ac<\/strong><\/p>\n<ul>\n<li>Palete | 315 Rolos<\/li>\n<\/ul>\n<p>Marca: Soprema<\/p>\n","protected":false},"featured_media":8124,"template":"","meta":[],"product_cat":[146,155],"product_tag":[],"class_list":{"0":"post-8123","1":"product","2":"type-product","3":"status-publish","4":"has-post-thumbnail","6":"product_cat-construcao","7":"product_cat-impermeabilizacao","8":"ts_product_brand-soprema","10":"first","11":"instock","12":"taxable","13":"shipping-taxable","14":"product-type-simple"},"_links":{"self":[{"href":"https:\/\/montael.com\/index.php?rest_route=\/wp\/v2\/product\/8123","targetHints":{"allow":["GET"]}}],"collection":[{"href":"https:\/\/montael.com\/index.php?rest_route=\/wp\/v2\/product"}],"about":[{"href":"https:\/\/montael.com\/index.php?rest_route=\/wp\/v2\/types\/product"}],"wp:featuredmedia":[{"embeddable":true,"href":"https:\/\/montael.com\/index.php?rest_route=\/wp\/v2\/media\/8124"}],"wp:attachment":[{"href":"https:\/\/montael.com\/index.php?rest_route=%2Fwp%2Fv2%2Fmedia&parent=8123"}],"wp:term":[{"taxonomy":"product_cat","embeddable":true,"href":"https:\/\/montael.com\/index.php?rest_route=%2Fwp%2Fv2%2Fproduct_cat&post=8123"},{"taxonomy":"product_tag","embeddable":true,"href":"https:\/\/montael.com\/index.php?rest_route=%2Fwp%2Fv2%2Fproduct_tag&post=8123"}],"curies":[{"name":"wp","href":"https:\/\/api.w.org\/{rel}","templated":true}]}}