

{"id":8119,"date":"2024-05-31T17:04:28","date_gmt":"2024-05-31T17:04:28","guid":{"rendered":"https:\/\/montael.com\/new_site\/?post_type=product&#038;p=8119"},"modified":"2025-06-09T09:51:58","modified_gmt":"2025-06-09T08:51:58","slug":"espatula-de-aco-28cm","status":"publish","type":"product","link":"https:\/\/montael.com\/?product=espatula-de-aco-28cm","title":{"rendered":"Esp\u00e1tula de A\u00e7o 28cm"},"content":{"rendered":"<p><strong>Caracter\u00edsticas:<\/strong><\/p>\n<div class=\"v-col-md-8 v-col-12\" data-v-02110079=\"\">\n<div class=\"w-100\" data-v-02110079=\"\">\n<div data-v-02110079=\"\">\n<div class=\"pa-4 ma-4 caption\" data-v-02110079=\"\">\n<div class=\"v-col-md-8 v-col-12\" data-v-02110079=\"\">\n<div class=\"w-100\" data-v-02110079=\"\">\n<div data-v-02110079=\"\">\n<div class=\"pa-4 ma-4 caption\" data-v-02110079=\"\">\n<p>s esp\u00e1tulas e pentes com cabo de madeira aberto, t\u00eam uma l\u00e2mina de a\u00e7o especial de alta resist\u00eancia ao desgaste, com prote\u00e7\u00e3o contra a corros\u00e3o mediante verniz incolor (A\u00c7O).<\/p>\n<p>Uma das particularidades de todas as l\u00e2minas e pentes RUBI \u00e9 a sua perfeita base plana.<\/p>\n<p>Os cabos de pl\u00e1stico das esp\u00e1tulas e pentes RUBI s\u00e3o econ\u00f3micas mas, ao mesmo tempo, resistentes e oferecem ao colocador profissional de cer\u00e2mica uma op\u00e7\u00e3o muito fi\u00e1vel.<\/p>\n<p>Os modelos de esp\u00e1tulas e pentes com cabo aberto facilitam o seu controle no momento da aplica\u00e7\u00e3o do material. Uma das particularidades, que tanto gosta o colocador profissional de cer\u00e2mica, \u00e9 este tipo de cabo. \u00c9 que a abertura do cabo permite que a ferramenta se possa colocar no bordo do balde, do cocho ou de outro recipiente em que se encontre o material a aplicar. Isto permite ter a esp\u00e1tula ou o pente sempre \u00e0 m\u00e3o e limpo.<\/p>\n<p>A uni\u00e3o entre a l\u00e2mina e o cabo \u00e9 realizada mediante parafusos de a\u00e7o inoxid\u00e1vel, para uma maior durabilidade da ferramenta.<\/p>\n<\/div>\n<\/div>\n<\/div>\n<\/div>\n<\/div>\n<\/div>\n<\/div>\n<\/div>\n","protected":false},"excerpt":{"rendered":"<p>Marca: Rubi<\/p>\n","protected":false},"featured_media":8120,"template":"","meta":[],"product_cat":[252],"product_tag":[],"class_list":{"0":"post-8119","1":"product","2":"type-product","3":"status-publish","4":"has-post-thumbnail","6":"product_cat-manuais","7":"ts_product_brand-rubi","9":"first","10":"instock","11":"taxable","12":"shipping-taxable","13":"product-type-simple"},"_links":{"self":[{"href":"https:\/\/montael.com\/index.php?rest_route=\/wp\/v2\/product\/8119","targetHints":{"allow":["GET"]}}],"collection":[{"href":"https:\/\/montael.com\/index.php?rest_route=\/wp\/v2\/product"}],"about":[{"href":"https:\/\/montael.com\/index.php?rest_route=\/wp\/v2\/types\/product"}],"wp:featuredmedia":[{"embeddable":true,"href":"https:\/\/montael.com\/index.php?rest_route=\/wp\/v2\/media\/8120"}],"wp:attachment":[{"href":"https:\/\/montael.com\/index.php?rest_route=%2Fwp%2Fv2%2Fmedia&parent=8119"}],"wp:term":[{"taxonomy":"product_cat","embeddable":true,"href":"https:\/\/montael.com\/index.php?rest_route=%2Fwp%2Fv2%2Fproduct_cat&post=8119"},{"taxonomy":"product_tag","embeddable":true,"href":"https:\/\/montael.com\/index.php?rest_route=%2Fwp%2Fv2%2Fproduct_tag&post=8119"}],"curies":[{"name":"wp","href":"https:\/\/api.w.org\/{rel}","templated":true}]}}