

{"id":8113,"date":"2024-05-31T16:54:25","date_gmt":"2024-05-31T16:54:25","guid":{"rendered":"https:\/\/montael.com\/new_site\/?post_type=product&#038;p=8113"},"modified":"2025-06-09T09:53:09","modified_gmt":"2025-06-09T08:53:09","slug":"esponja-hidro-pro","status":"publish","type":"product","link":"https:\/\/montael.com\/?product=esponja-hidro-pro","title":{"rendered":"Esponja HIDRO PRO"},"content":{"rendered":"<p><strong>Caracter\u00edsticas:<\/strong><\/p>\n<div class=\"v-col-md-8 v-col-12\" data-v-02110079=\"\">\n<div class=\"w-100\" data-v-02110079=\"\">\n<div data-v-02110079=\"\">\n<div class=\"pa-4 ma-4 caption\" data-v-02110079=\"\">\n<div class=\"v-col-md-8 v-col-12\" data-v-02110079=\"\">\n<div class=\"w-100\" data-v-02110079=\"\">\n<div data-v-02110079=\"\">\n<div class=\"pa-4 ma-4 caption\" data-v-02110079=\"\">\n<p>A esponja HIDRO, de alta absor\u00e7\u00e3o, \u00e9 de poliuretano flex\u00edvel com base poli\u00e9ster e o seu grau de absor\u00e7\u00e3o e sua elevada resist\u00eancia \u00e0 abras\u00e3o convertem-na na esponja ideal para a limpeza de todo o tipo de superf\u00edcies, em especial as mais rugosas. N\u00e3o \u00e9 recomend\u00e1vel para uso com produtos de base \u00e1cida.<\/p>\n<\/div>\n<\/div>\n<\/div>\n<\/div>\n<\/div>\n<\/div>\n<\/div>\n<\/div>\n","protected":false},"excerpt":{"rendered":"<ul>\n<li>17 x 10 x 7cm<\/li>\n<\/ul>\n<p>Marca: Rubi<\/p>\n","protected":false},"featured_media":8114,"template":"","meta":[],"product_cat":[254],"product_tag":[],"class_list":{"0":"post-8113","1":"product","2":"type-product","3":"status-publish","4":"has-post-thumbnail","6":"product_cat-limpeza","7":"ts_product_brand-rubi","9":"first","10":"instock","11":"taxable","12":"shipping-taxable","13":"product-type-simple"},"_links":{"self":[{"href":"https:\/\/montael.com\/index.php?rest_route=\/wp\/v2\/product\/8113","targetHints":{"allow":["GET"]}}],"collection":[{"href":"https:\/\/montael.com\/index.php?rest_route=\/wp\/v2\/product"}],"about":[{"href":"https:\/\/montael.com\/index.php?rest_route=\/wp\/v2\/types\/product"}],"wp:featuredmedia":[{"embeddable":true,"href":"https:\/\/montael.com\/index.php?rest_route=\/wp\/v2\/media\/8114"}],"wp:attachment":[{"href":"https:\/\/montael.com\/index.php?rest_route=%2Fwp%2Fv2%2Fmedia&parent=8113"}],"wp:term":[{"taxonomy":"product_cat","embeddable":true,"href":"https:\/\/montael.com\/index.php?rest_route=%2Fwp%2Fv2%2Fproduct_cat&post=8113"},{"taxonomy":"product_tag","embeddable":true,"href":"https:\/\/montael.com\/index.php?rest_route=%2Fwp%2Fv2%2Fproduct_tag&post=8113"}],"curies":[{"name":"wp","href":"https:\/\/api.w.org\/{rel}","templated":true}]}}