

{"id":8108,"date":"2024-05-31T16:48:20","date_gmt":"2024-05-31T16:48:20","guid":{"rendered":"https:\/\/montael.com\/new_site\/?post_type=product&#038;p=8108"},"modified":"2025-06-09T09:55:14","modified_gmt":"2025-06-09T08:55:14","slug":"abracadeira-de-nivelamento-1mm-2","status":"publish","type":"product","link":"https:\/\/montael.com\/?product=abracadeira-de-nivelamento-1mm-2","title":{"rendered":"Abra\u00e7adeira de Nivelamento 1MM"},"content":{"rendered":"<p><strong>Caracter\u00edsticas:<\/strong><\/p>\n<div class=\"v-col-md-8 v-col-12\" data-v-02110079=\"\">\n<div class=\"w-100\" data-v-02110079=\"\">\n<div data-v-02110079=\"\">\n<div class=\"pa-4 ma-4 caption\" data-v-02110079=\"\">\n<div class=\"v-col-md-8 v-col-12\" data-v-02110079=\"\">\n<div class=\"w-100\" data-v-02110079=\"\">\n<div data-v-02110079=\"\">\n<div class=\"pa-4 ma-4 caption\" data-v-02110079=\"\">\n<p>A principal fun\u00e7\u00e3o do CYCLONE LEVEL SYSTEM \u00e9 evitar a forma\u00e7\u00e3o de\u00a0desn\u00edveis durante a coloca\u00e7\u00e3o de revestimentos cer\u00e2micos, tanto em\u00a0pavimentos como em revestimentos de 3 a 18 mm de espessura.<\/p>\n<p>Os sistemas de nivelamento s\u00e3o especialmente recomendados para melhorar os acabamentos ao trabalhar com pe\u00e7as cer\u00e2micas de grande formato. Embora tamb\u00e9m possam ser utilizados em formatos menores (recomendados a partir de 30&#215;30 cm) e sempre com dupla colagem e sobre suporte regularizado e em perfeitas condi\u00e7\u00f5es de planicidade.<\/p>\n<p>A utiliza\u00e7\u00e3o do SISTEMA DE N\u00cdVEL DE CICLONE RUBI \u00e9 muito f\u00e1cil e intuitivo, al\u00e9m disso, os resultados s\u00e3o menos sens\u00edveis \u00e0 habilidade e experi\u00eancia do utilizador do que com outros sistemas de nivelamento do mercado.<\/p>\n<\/div>\n<\/div>\n<\/div>\n<\/div>\n<\/div>\n<\/div>\n<\/div>\n<\/div>\n","protected":false},"excerpt":{"rendered":"<ul>\n<li>Embalagem de 300 unidades<\/li>\n<\/ul>\n<p>Marca: Rubi<\/p>\n","protected":false},"featured_media":8107,"template":"","meta":[],"product_cat":[294],"product_tag":[],"class_list":{"0":"post-8108","1":"product","2":"type-product","3":"status-publish","4":"has-post-thumbnail","6":"product_cat-sistemas-nivelamento","7":"ts_product_brand-rubi","9":"first","10":"instock","11":"taxable","12":"shipping-taxable","13":"product-type-simple"},"_links":{"self":[{"href":"https:\/\/montael.com\/index.php?rest_route=\/wp\/v2\/product\/8108","targetHints":{"allow":["GET"]}}],"collection":[{"href":"https:\/\/montael.com\/index.php?rest_route=\/wp\/v2\/product"}],"about":[{"href":"https:\/\/montael.com\/index.php?rest_route=\/wp\/v2\/types\/product"}],"wp:featuredmedia":[{"embeddable":true,"href":"https:\/\/montael.com\/index.php?rest_route=\/wp\/v2\/media\/8107"}],"wp:attachment":[{"href":"https:\/\/montael.com\/index.php?rest_route=%2Fwp%2Fv2%2Fmedia&parent=8108"}],"wp:term":[{"taxonomy":"product_cat","embeddable":true,"href":"https:\/\/montael.com\/index.php?rest_route=%2Fwp%2Fv2%2Fproduct_cat&post=8108"},{"taxonomy":"product_tag","embeddable":true,"href":"https:\/\/montael.com\/index.php?rest_route=%2Fwp%2Fv2%2Fproduct_tag&post=8108"}],"curies":[{"name":"wp","href":"https:\/\/api.w.org\/{rel}","templated":true}]}}