

{"id":8099,"date":"2024-05-31T16:36:19","date_gmt":"2024-05-31T16:36:19","guid":{"rendered":"https:\/\/montael.com\/new_site\/?post_type=product&#038;p=8099"},"modified":"2025-06-09T14:59:56","modified_gmt":"2025-06-09T13:59:56","slug":"roofflex-v-geotextil-de-poliester","status":"publish","type":"product","link":"https:\/\/montael.com\/?product=roofflex-v-geotextil-de-poliester","title":{"rendered":"Rooftex V  | Geotextil de Poli\u00e9ster"},"content":{"rendered":"<p><b>ROOFTEX V\u00a0<\/b>\u00e9 um geot\u00eaxtil n\u00e3o tecido de fibras 100% poli\u00e9ster, perfurado mecanicamente por agulhas com posterior tratamento t\u00e9rmico e calandrado, utilizado como camada de separa\u00e7\u00e3o, filtragem, drenagem e prote\u00e7\u00e3o em constru\u00e7\u00e3o<b><\/b><\/p>\n<p>Vantagens:<\/p>\n<ul>\n<li>Fabricado com fibras 100% PET de reciclado pr\u00e9-consumo, calibradas longitudinalmente e diametralmente e frisadas.<\/li>\n<li>Resist\u00eancia biol\u00f3gica: N\u00e3o afetada por bact\u00e9rias ou fungos. N\u00e3o cont\u00e9m nutrientes, por isso n\u00e3o \u00e9 atacado por roedores ou t\u00e9rmitas.<\/li>\n<li>Refor\u00e7o: proporciona resist\u00eancia \u00e0 perfura\u00e7\u00e3o a camada de impermeabiliza\u00e7\u00e3o.<\/li>\n<li>Filtragem e drenagem: boa permeabilidade de \u00e1gua, permitindo a passagem de \u00e1gua para a condu\u00e7\u00e3o, retendo as part\u00edculas finas do solo.<\/li>\n<li>Separa\u00e7\u00e3o: impede a mistura de part\u00edculas de diferentes solos. Evita o contacto entre materiais n\u00e3o compat\u00edveis. Atua como barreira perme\u00e1vel entre solos de estrutura diferente.<\/li>\n<\/ul>\n<p><b>Aplica\u00e7\u00e3o:<\/b><\/p>\n<p>Para o\u00a0<b>ROOFTEX V 120 \/ 150 \/ 200<\/b>:<br \/>\n\u00b7 Utiliza\u00e7\u00f5es previstas \u201cD\u201d (Drenagem).<\/p>\n<p>Para\u00a0<b>ROOFTEX V 300 \/ 400 \/500<\/b>:<br \/>\n\u00b7 Utiliza\u00e7\u00f5es previstas:<br \/>\n\u201cF\u201d (Filtragem)<br \/>\n\u201cF+S\u201d (Filtragem e Separa\u00e7\u00e3o)<br \/>\n\u201cF+S+D\u201d (Filtragem, Separa\u00e7\u00e3o e Drenagem<br \/>\n\u201cP\u201d (Prote\u00e7\u00e3o\/Refor\u00e7o).<\/p>\n<p class=\"product-v4-detail-title\">\u00a0Coloca\u00e7\u00e3o em obra<\/p>\n<div class=\"product-v4-detail-content wysiwyg\">\n<ul>\n<li>Antes de colocar o geot\u00eaxtil, a superf\u00edcie deve ser preparada deixando-a plana, uniforme e livre de detritos ou obstru\u00e7\u00f5es para evitar a sua deteriora\u00e7\u00e3o durante a coloca\u00e7\u00e3o.<\/li>\n<li>Estes trabalhos de coloca\u00e7\u00e3o de geot\u00eaxtil n\u00e3o requerem planeamento.<\/li>\n<li>O geot\u00eaxtil \u00e9 colocado solto, sem tens\u00e3o, livre de vincos e rugas; tenta-se colocar em contacto directo com o suporte, evitando qualquer espa\u00e7o vazio entre eles.<\/li>\n<li>\u00a0O geot\u00eaxtil \u00e9 espalhado sobre a camada inferior, garantindo a continuidade entre as membranas, costurando-as, soldando-as, colocando grampos ou sobreposi\u00e7\u00f5es (n\u00e3o ser\u00e3o menores que 10 cm). O seu modo de liga\u00e7\u00e3o deve ser indicado no projeto.<\/li>\n<li>\u00a0Levante o geot\u00eaxtil nos per\u00edmetros para cobrir a altura total do acabamento da cobertura.<\/li>\n<li>Enquanto se coloca o geot\u00eaxtil, deve-se ter cuidado para n\u00e3o pisar durante a sua extens\u00e3o. Avan\u00e7a-se a extens\u00e3o sem afetar a zona de uni\u00e3o.<\/li>\n<\/ul>\n<\/div>\n<div class=\"product-v4-detail\">\n<div class=\"product-v4-detail\"><\/div>\n<div class=\"product-v4-detail\">\n<div class=\"product-v4-detail-content wysiwyg\">\n<div class=\"product-v4-detail\">\n<div class=\"product-v4-detail-content wysiwyg\"><\/div>\n<\/div>\n<\/div>\n<\/div>\n<\/div>\n<p>&nbsp;<\/p>\n","protected":false},"excerpt":{"rendered":"<p>Geot\u00eaxtil n\u00e3o tecido de fibras 100% poli\u00e9ster<\/p>\n<p><strong>Rolo 125 x 2.20m | 275 m2 = 213,10\u20ac<\/strong><\/p>\n<ul>\n<li>g\/m2 | 150<\/li>\n<li>m2\/palete\/rolos\/palete | 2 475m2\/9 rolos<\/li>\n<\/ul>\n<p>Marca: Soprema<\/p>\n","protected":false},"featured_media":8799,"template":"","meta":[],"product_cat":[146,256],"product_tag":[],"class_list":{"0":"post-8099","1":"product","2":"type-product","3":"status-publish","4":"has-post-thumbnail","6":"product_cat-construcao","7":"product_cat-geotexteis-para-edificacao","8":"ts_product_brand-soprema","10":"first","11":"instock","12":"taxable","13":"shipping-taxable","14":"product-type-simple"},"_links":{"self":[{"href":"https:\/\/montael.com\/index.php?rest_route=\/wp\/v2\/product\/8099","targetHints":{"allow":["GET"]}}],"collection":[{"href":"https:\/\/montael.com\/index.php?rest_route=\/wp\/v2\/product"}],"about":[{"href":"https:\/\/montael.com\/index.php?rest_route=\/wp\/v2\/types\/product"}],"wp:featuredmedia":[{"embeddable":true,"href":"https:\/\/montael.com\/index.php?rest_route=\/wp\/v2\/media\/8799"}],"wp:attachment":[{"href":"https:\/\/montael.com\/index.php?rest_route=%2Fwp%2Fv2%2Fmedia&parent=8099"}],"wp:term":[{"taxonomy":"product_cat","embeddable":true,"href":"https:\/\/montael.com\/index.php?rest_route=%2Fwp%2Fv2%2Fproduct_cat&post=8099"},{"taxonomy":"product_tag","embeddable":true,"href":"https:\/\/montael.com\/index.php?rest_route=%2Fwp%2Fv2%2Fproduct_tag&post=8099"}],"curies":[{"name":"wp","href":"https:\/\/api.w.org\/{rel}","templated":true}]}}