

{"id":8094,"date":"2024-05-31T16:30:04","date_gmt":"2024-05-31T16:30:04","guid":{"rendered":"https:\/\/montael.com\/new_site\/?post_type=product&#038;p=8094"},"modified":"2025-02-24T12:22:33","modified_gmt":"2025-02-24T12:22:33","slug":"abracadeira-delta-level-system-15-mm-3-12-mm","status":"publish","type":"product","link":"https:\/\/montael.com\/?product=abracadeira-delta-level-system-15-mm-3-12-mm","title":{"rendered":"Abra\u00e7adeira DELTA LEVEL SYSTEM 1,5 mm \/ 3-12 mm"},"content":{"rendered":"<p><strong>Caracter\u00edsticas:<\/strong><\/p>\n<div class=\"v-col-md-8 v-col-12\" data-v-02110079=\"\">\n<div class=\"w-100\" data-v-02110079=\"\">\n<div data-v-02110079=\"\">\n<div class=\"pa-4 ma-4 caption\" data-v-02110079=\"\">\n<div class=\"v-col-md-8 v-col-12\" data-v-02110079=\"\">\n<div class=\"w-100\" data-v-02110079=\"\">\n<div data-v-02110079=\"\">\n<div class=\"pa-4 ma-4 caption\" data-v-02110079=\"\">\n<p>A principal fun\u00e7\u00e3o do sistema de nivelamento DELTA LEVEL SYSTEM da RUBI \u00e9 evitar a cria\u00e7\u00e3o de levantamentos durante a instala\u00e7\u00e3o de revestimentos cer\u00e2micos, tanto em pisos, como nas paredes.<\/p>\n<p>O sistema de nivelamento DELTA LEVEL tamb\u00e9m impede o movimento das placas, durante a aplica\u00e7\u00e3o e durante a instala\u00e7\u00e3o. Deste modo, o n\u00famero de correc\u00e7\u00f5es\u00a0 posteriores \u00e9 reduzida.<\/p>\n<\/div>\n<\/div>\n<\/div>\n<\/div>\n<\/div>\n<\/div>\n<\/div>\n<\/div>\n","protected":false},"excerpt":{"rendered":"<ul>\n<li>Embalagem de 400 unidades<\/li>\n<\/ul>\n","protected":false},"featured_media":8096,"template":"","meta":[],"product_cat":[294],"product_tag":[],"class_list":{"0":"post-8094","1":"product","2":"type-product","3":"status-publish","4":"has-post-thumbnail","6":"product_cat-sistemas-nivelamento","7":"ts_product_brand-rubi","9":"first","10":"instock","11":"taxable","12":"shipping-taxable","13":"product-type-simple"},"_links":{"self":[{"href":"https:\/\/montael.com\/index.php?rest_route=\/wp\/v2\/product\/8094","targetHints":{"allow":["GET"]}}],"collection":[{"href":"https:\/\/montael.com\/index.php?rest_route=\/wp\/v2\/product"}],"about":[{"href":"https:\/\/montael.com\/index.php?rest_route=\/wp\/v2\/types\/product"}],"wp:featuredmedia":[{"embeddable":true,"href":"https:\/\/montael.com\/index.php?rest_route=\/wp\/v2\/media\/8096"}],"wp:attachment":[{"href":"https:\/\/montael.com\/index.php?rest_route=%2Fwp%2Fv2%2Fmedia&parent=8094"}],"wp:term":[{"taxonomy":"product_cat","embeddable":true,"href":"https:\/\/montael.com\/index.php?rest_route=%2Fwp%2Fv2%2Fproduct_cat&post=8094"},{"taxonomy":"product_tag","embeddable":true,"href":"https:\/\/montael.com\/index.php?rest_route=%2Fwp%2Fv2%2Fproduct_tag&post=8094"}],"curies":[{"name":"wp","href":"https:\/\/api.w.org\/{rel}","templated":true}]}}