

{"id":8092,"date":"2024-05-31T16:27:59","date_gmt":"2024-05-31T16:27:59","guid":{"rendered":"https:\/\/montael.com\/new_site\/?post_type=product&#038;p=8092"},"modified":"2025-06-09T15:00:48","modified_gmt":"2025-06-09T14:00:48","slug":"textop-lata-de-5-kg","status":"publish","type":"product","link":"https:\/\/montael.com\/?product=textop-lata-de-5-kg","title":{"rendered":"Textop | Lata de 5 Kg"},"content":{"rendered":"<div class=\"product-v4-detail\">Resina de impermeabiliza\u00e7\u00e3o de betume-poliuretano monocomponente, pronta para utiliza\u00e7\u00e3o. <b>TEXTOP\u00a0<\/b>cont\u00e9m agentes anti ra\u00edzes que impedem a penetra\u00e7\u00e3o de ra\u00edzes atrav\u00e9s da impermeabiliza\u00e7\u00e3o.<\/div>\n<div class=\"product-v4-detail\">\n<div class=\"product-v4-detail\">\n<div class=\"product-v4-detail-content wysiwyg\">\n<div class=\"product-v4-detail\">\n<div class=\"product-v4-detail-content wysiwyg\">\n<p>Vantagens:<br \/>\n\u00b7 Coloca\u00e7\u00e3o em obra f\u00e1cil e r\u00e1pida com trincha ou rolo.<br \/>\n\u00b7 Sem soldadura, pode ser colocado at\u00e9 mesmo em locais com risco de seguran\u00e7a.<br \/>\n\u00b7 Sem prim\u00e1rio.<br \/>\n\u00b7 Ader\u00eancia perfeita e definitiva. Muito alta resist\u00eancia \u00e0 ader\u00eancia, mesmo em suportes com formas complicadas.<br \/>\n\u00b7 Sem juntas: minimiza os riscos de infiltra\u00e7\u00e3o.<br \/>\n\u00b7 Alongamento superior a 500%: Absorve qualquer movimento do suporte, portanto com ader\u00eancia garantida.<br \/>\n\u00b7 Compatibilidade total com as membranas betuminosas.<br \/>\n\u00b7 Excelente envelhecimento: Resiste aos raios UV e permanece flex\u00edvel mesmo a baixas temperaturas.<br \/>\n\u00b7 N\u00e3o necessita de protec\u00e7\u00e3o.<br \/>\n\u00b7 Permite a supress\u00e3o dos perfis de remate, dada a sua ader\u00eancia excecional.<br \/>\n\u00b7 10 anos de refer\u00eancias no mercado.<b><\/b><\/p>\n<p>Aplica\u00e7\u00e3o:<br \/>\n\u00b7\u00a0<b>TEXTOP<\/b>\u00a0\u00e9 usado na execu\u00e7\u00e3o de platibandas, remates e pontos de encontro de obras novas e reabilita\u00e7\u00e3o. N\u00e3o necessita de impregna\u00e7\u00e3o pr\u00e9via.<br \/>\n\u00b7 \u00c9 compat\u00edvel e utiliza-se como uma continua\u00e7\u00e3o da impermeabiliza\u00e7\u00e3o tradicional com membranas betuminosas.<br \/>\n\u00b7 Utiliza-se em coberturas planas transit\u00e1veis a pe\u00f5es e ve\u00edculos e coberturas n\u00e3o transit\u00e1veis e t\u00e9cnicas.<br \/>\n\u00b7 Dada a sua caracter\u00edstica anti ra\u00edzes, \u00e9 utilizado em impermeabiliza\u00e7\u00e3o enterradas, particularmente no caso de floreiras e paredes enterradas.<\/p>\n<\/div>\n<\/div>\n<div class=\"product-v4-detail\">\n<p class=\"product-v4-detail-title\"><i class=\"ic ic-v4-implementation\"><\/i>\u00a0<strong>Coloca\u00e7\u00e3o em obra:<\/strong><\/p>\n<div class=\"product-v4-detail-content wysiwyg\">\n<div>PREPARA\u00c7\u00c3O DO SUPORTE:<br \/>\n\u00b7 A superf\u00edcie a ser tratada deve estar seca, sem gordura, curadores qu\u00edmicos, \u00f3leo, poeira e sujidade em geral.<br \/>\n\u00b7 Elimina\u00e7\u00e3o da autoprotec\u00e7\u00e3o no caso de membranas com acabamentos met\u00e1licos e de part\u00edculas soltas nas membranas autoprotegidas com mineral ou areia.CAMADAS E REFOR\u00c7O (Aplica\u00e7\u00e3o com rolo ou trincha.):<br \/>\n\u00b7 Coloca\u00e7\u00e3o de\u00a0<b>TEXTIL<\/b>\u00a0com ajuda de uma ligeira camada de\u00a0<b>TEXTOP<\/b>\u00a0de 500 g\/m<sup>2<\/sup>.<br \/>\n\u00b7 Coloca\u00e7\u00e3o de 2 camadas de\u00a0<b>TEXTOP<\/b>\u00a0de 900 g\/m<sup>2<\/sup>\u00a0+ 700 g\/m<sup>2<\/sup>.ACABAMENTO:<br \/>\nOpcional; pulverizar com\u00a0<b>TEX DECOR<\/b>, para obter o mesmo acabamento que apresentam as membranas.LIMPEZA DOS MATERIAIS:<br \/>\n\u00b7 Utilizar\u00a0<b>DISOLVENTE V<\/b>.<br \/>\n\u00b7\u00a0<b>TEXTOP<\/b>\u00a0tem um tempo de secagem que vai de 2 a 12 horas, dependendo das condi\u00e7\u00f5es meteorol\u00f3gicas.<br \/>\n\u00b7\u00a0<b>TEXTOP<\/b>\u00a0polimeriza com a humidade, formando uma membrana impermeabilizante.RENDIMENTO:<br \/>\nAproximadamente \u00a0entre 400 a 700 g\/m\u00b2 por camada (agitar o produto at\u00e9 obter uma massa homog\u00e9nea).<\/div>\n<\/div>\n<\/div>\n<\/div>\n<\/div>\n<\/div>\n<p>&nbsp;<\/p>\n","protected":false},"excerpt":{"rendered":"<p>Resina de impermeabiliza\u00e7\u00e3o de betume-poliuretano monocomponente.<\/p>\n<ul>\n<li>Embalagem | 5 Kg<\/li>\n<li>Palete | 300Kg \/ 60 latas<\/li>\n<li>Cor | Preto<\/li>\n<\/ul>\n<p>Marca: Soprema<\/p>\n","protected":false},"featured_media":8794,"template":"","meta":[],"product_cat":[146,155,255],"product_tag":[],"class_list":{"0":"post-8092","1":"product","2":"type-product","3":"status-publish","4":"has-post-thumbnail","6":"product_cat-construcao","7":"product_cat-impermeabilizacao","8":"product_cat-impermeabilizacao-liquida","9":"ts_product_brand-soprema","11":"first","12":"instock","13":"taxable","14":"shipping-taxable","15":"product-type-simple"},"_links":{"self":[{"href":"https:\/\/montael.com\/index.php?rest_route=\/wp\/v2\/product\/8092","targetHints":{"allow":["GET"]}}],"collection":[{"href":"https:\/\/montael.com\/index.php?rest_route=\/wp\/v2\/product"}],"about":[{"href":"https:\/\/montael.com\/index.php?rest_route=\/wp\/v2\/types\/product"}],"wp:featuredmedia":[{"embeddable":true,"href":"https:\/\/montael.com\/index.php?rest_route=\/wp\/v2\/media\/8794"}],"wp:attachment":[{"href":"https:\/\/montael.com\/index.php?rest_route=%2Fwp%2Fv2%2Fmedia&parent=8092"}],"wp:term":[{"taxonomy":"product_cat","embeddable":true,"href":"https:\/\/montael.com\/index.php?rest_route=%2Fwp%2Fv2%2Fproduct_cat&post=8092"},{"taxonomy":"product_tag","embeddable":true,"href":"https:\/\/montael.com\/index.php?rest_route=%2Fwp%2Fv2%2Fproduct_tag&post=8092"}],"curies":[{"name":"wp","href":"https:\/\/api.w.org\/{rel}","templated":true}]}}